{"id":6972,"date":"2025-02-10T10:36:09","date_gmt":"2025-02-10T13:36:09","guid":{"rendered":"https:\/\/www.inf.ufrgs.br\/profcomp\/?page_id=6972"},"modified":"2025-02-10T10:36:09","modified_gmt":"2025-02-10T13:36:09","slug":"cmp630","status":"publish","type":"page","link":"https:\/\/www.inf.ufrgs.br\/profcomp\/lista-de-disciplinas\/cmp630\/","title":{"rendered":"CMP630"},"content":{"rendered":"<h2>CMP630: T\u00f3picos Especiais em Computa\u00e7\u00e3o XXIV &#8211; Desenvolvimento Colaborativo de Software<\/h2>\n<p><strong>Respons\u00e1vel:<\/strong> Leticia Santos Machado<br \/>\n<strong>Pr\u00e9-Requisitos:<\/strong> recomendado p\/ graduandos<br \/>\n<strong>Carga Hor\u00e1ria:<\/strong> 60 hs<br \/>\n<strong>Cr\u00e9ditos<\/strong>: 4<br \/>\n<strong>Semestres Oferecidos:<\/strong> Primeiro semestre<br \/>\n<strong>Matr\u00edcula de Graduandos:<\/strong> A matr\u00edcula dever\u00e1 ser feita como Aluno Especial<br \/>\n<strong>P\u00e1gina da Disciplina:<\/strong> \u2013<\/p>\n<h3><strong>S\u00famula:<\/strong><\/h3>\n<p>Estudos de t\u00f3picos relacionados \u00e0s pr\u00e1ticas colaborativas, din\u00e2micas de comunica\u00e7\u00e3o, artefatos de coordena\u00e7\u00e3o, sistemas e ferramentas de colabora\u00e7\u00e3o para suporte ao trabalho de times de desenvolvimento de software.<\/p>\n<h3><strong>Objetivos:<\/strong><\/h3>\n<p>Apresentar conceitos, teorias, modelos, pr\u00e1ticas e ferramentas de colabora\u00e7\u00e3o para apoio de equipes de desenvolvimento de software, em particular em cen\u00e1rios de desenvolvimento distribu\u00eddos (desenvolvimento global de software e open source software). Examinar os principais fundamentos relacionados \u00e0s din\u00e2micas de trabalho em equipe, com \u00eanfase na colabora\u00e7\u00e3o humano-humano e<br \/>\nhumano-artificial.<\/p>\n<h3><strong>Programa:<\/strong><\/h3>\n<ol>\n<li>Teorias e Modelos de Colabora\u00e7\u00e3o<\/li>\n<li>Colabora\u00e7\u00e3o Humano-Artificial<\/li>\n<li>Pr\u00e1ticas e Metodologias Colaborativas de Engenharia de Software<\/li>\n<li>Pesquisa e Avalia\u00e7\u00e3o em Sistemas Colaborativos<\/li>\n<li>Din\u00e2micas de comunica\u00e7\u00e3o e coordena\u00e7\u00e3o<\/li>\n<\/ol>\n<h3>Crit\u00e9rios de Avalia\u00e7\u00e3o:<\/h3>\n<p>O desempenho do estudante ser\u00e1 avaliado da seguinte forma:<br \/>\nParticipa\u00e7\u00e3o das discuss\u00f5es em aula em todas as etapas da disciplina<\/p>\n<ul>\n<li>(atividades aut\u00f4nomas propostas ao longo do semestre, podendo ser de teor te\u00f3rico ou pr\u00e1tico)<\/li>\n<li>Apresenta\u00e7\u00e3o de semin\u00e1rios sobre temas relacionados a modelos e tecnologias de suporte \u00e0 colabora\u00e7\u00e3o a ser apresentado de forma oral e\/ou escrita, realizado em grupos.<\/li>\n<li>Mesas Redondas que envolvem a apresenta\u00e7\u00e3o de artigo cient\u00edfico (atividade individual).<\/li>\n<\/ul>\n<p>Forma\u00e7\u00e3o do Conceito Final: o conceito final do estudante ser\u00e1 atribu\u00eddo levando-se em considera\u00e7\u00e3o as mesas redondas (peso 0,3), semin\u00e1rio (peso 0,35) e atividades pr\u00e1ticas (peso 0,35). A m\u00e9dia ponderada das notas ser\u00e1 convertida em conceito, mediante referencial abaixo:<\/p>\n<ul>\n<li>Nota &gt;= 9,0 = A<\/li>\n<li>Nota &gt;= 7,5 e &lt; 9,0 = B<\/li>\n<li>Nota &gt;= 6,0 e &lt; 7,5 = C<\/li>\n<li>Nota &lt; 6,0 = D<\/li>\n<\/ul>\n<h3>Bibliografia:<\/h3>\n<p>Artigos de confer\u00eancias e revistas a serem fornecidos pela professora (CSCW, ECSCW, ICSE)<\/p>\n<ul>\n<li>Audy, J. L. N. Desenvolvimento distribu\u00eddo de software. Elsevier, Brasil, 2007.\u00a0Sommerville, I. (2011). Software engineering (ed.). America: Pearson Education Inc.<\/li>\n<li>Cap\u00edtulos selecionados do livro: Pimentel, M.; Fuks, H. (Org.). Sistemas Colaborativos. Elsevier (S\u00e9rie CAMPUS \/ SBC), 2011. v. 1. 416 p\u00e1ginas. Dispon\u00edvel em: http:\/\/sistemascolaborativos.uniriotec.br<\/li>\n<li>Cap\u00edtulos selecionados do livro: Garcia, A. C. B.; Vieira, V.; Vivacqua, A.; Fran\u00e7a, J.; Dias, A. Cap\u00edtulo 4: Groupware 4.0: Avan\u00e7os e Desaos da Computa\u00e7\u00e3o Social. Jornadas de Atualiza\u00e7\u00e3o em Inform\u00e1tica, Weber, T. S.; Martins, C. A.; Ventura, T. M. (Ed.) Sociedade Brasileira de Computa\u00e7\u00e3o, 2020. Dispon\u00edvel em: https:\/\/sol.sbc.org.br\/livros\/index.php\/sbc\/catalog\/book\/57<\/li>\n<\/ul>\n","protected":false},"excerpt":{"rendered":"<p>CMP630: T\u00f3picos Especiais em Computa\u00e7\u00e3o XXIV &#8211; Desenvolvimento Colaborativo de Software Respons\u00e1vel: Leticia Santos Machado Pr\u00e9-Requisitos: recomendado p\/ graduandos Carga Hor\u00e1ria: 60 hs Cr\u00e9ditos: 4 Semestres Oferecidos: Primeiro semestre Matr\u00edcula de Graduandos: A matr\u00edcula dever\u00e1 ser feita como Aluno Especial P\u00e1gina da Disciplina: \u2013 S\u00famula: Estudos de t\u00f3picos relacionados \u00e0s pr\u00e1ticas colaborativas, din\u00e2micas de comunica\u00e7\u00e3o, [&hellip;]<\/p>\n","protected":false},"author":11,"featured_media":0,"parent":462,"menu_order":0,"comment_status":"closed","ping_status":"closed","template":"","meta":[],"_links":{"self":[{"href":"https:\/\/www.inf.ufrgs.br\/profcomp\/wp-json\/wp\/v2\/pages\/6972"}],"collection":[{"href":"https:\/\/www.inf.ufrgs.br\/profcomp\/wp-json\/wp\/v2\/pages"}],"about":[{"href":"https:\/\/www.inf.ufrgs.br\/profcomp\/wp-json\/wp\/v2\/types\/page"}],"author":[{"embeddable":true,"href":"https:\/\/www.inf.ufrgs.br\/profcomp\/wp-json\/wp\/v2\/users\/11"}],"replies":[{"embeddable":true,"href":"https:\/\/www.inf.ufrgs.br\/profcomp\/wp-json\/wp\/v2\/comments?post=6972"}],"version-history":[{"count":1,"href":"https:\/\/www.inf.ufrgs.br\/profcomp\/wp-json\/wp\/v2\/pages\/6972\/revisions"}],"predecessor-version":[{"id":6973,"href":"https:\/\/www.inf.ufrgs.br\/profcomp\/wp-json\/wp\/v2\/pages\/6972\/revisions\/6973"}],"up":[{"embeddable":true,"href":"https:\/\/www.inf.ufrgs.br\/profcomp\/wp-json\/wp\/v2\/pages\/462"}],"wp:attachment":[{"href":"https:\/\/www.inf.ufrgs.br\/profcomp\/wp-json\/wp\/v2\/media?parent=6972"}],"curies":[{"name":"wp","href":"https:\/\/api.w.org\/{rel}","templated":true}]}}