{"id":6995,"date":"2025-02-20T14:54:23","date_gmt":"2025-02-20T17:54:23","guid":{"rendered":"https:\/\/www.inf.ufrgs.br\/profcomp\/?page_id=6995"},"modified":"2025-05-28T15:44:58","modified_gmt":"2025-05-28T18:44:58","slug":"edital-de-bolsas-2025-1","status":"publish","type":"page","link":"https:\/\/www.inf.ufrgs.br\/profcomp\/mestrado\/edital-de-bolsas-2025-1\/","title":{"rendered":"Edital de Bolsas 2025\/1"},"content":{"rendered":"<h3>28-Maio Primeiro Termo Aditivo ao Edital de Processo Seletivo de Bolsas de Estudo de Mestrado<\/h3>\n<p>O Programa de P\u00f3s-Gradua\u00e7\u00e3o em Computa\u00e7\u00e3o da Universidade Federal do Rio Grande do Sul (PPGC) torna p\u00fablico o Primeiro Termo Aditivo ao Edital de Processo Seletivo de Bolsas de Estudo de Mestrado.<\/p>\n<ul>\n<li><a href=\"http:\/\/www.inf.ufrgs.br\/profcomp\/wp-content\/uploads\/2025\/05\/Termo-Aditivo-Edital-PPGC-003_2025-Edital-de-Bolsas-de-Mestrado.pdf\">Primeiro Termo Aditivo &#8211; Edital de Processo Seletivo de Bolsas de Estudo de Mestrado<\/a><\/li>\n<\/ul>\n<h3>11-Abril Classifica\u00e7\u00e3o Final dos Candidatos<\/h3>\n<p>O Programa de P\u00f3s-Gradua\u00e7\u00e3o em Computa\u00e7\u00e3o da Universidade Federal do Rio Grande do Sul (PPGC) torna p\u00fablico a classifica\u00e7\u00e3o final dos candidatos do processo seletivo das bolsas de mestrado.<\/p>\n<ul>\n<li><a href=\"http:\/\/www.inf.ufrgs.br\/profcomp\/wp-content\/uploads\/2025\/04\/Rankeamento-final-Edital-PPGC-No-003_2025.pdf\">Classifica\u00e7\u00e3o final dos candidatos<\/a><\/li>\n<\/ul>\n<h3>4-Abril Gabarito e Notas dos Candidatos<\/h3>\n<p>O Programa de P\u00f3s-Gradua\u00e7\u00e3o em Computa\u00e7\u00e3o da Universidade Federal do Rio Grande do Sul (PPGC) torna p\u00fablico as notas e o gabarito da prova do processo seletivo das bolsas de mestrado.<\/p>\n<ul>\n<li><a href=\"http:\/\/www.inf.ufrgs.br\/profcomp\/wp-content\/uploads\/2025\/04\/Gabaritos-Edital-PPGC-No-003_2025.pdf\">Gabaritos das provas<\/a><\/li>\n<li><a href=\"http:\/\/www.inf.ufrgs.br\/profcomp\/wp-content\/uploads\/2025\/04\/Notas-das-provas-Edital-PPGC-No-003_2025.pdf\">Notas dos candidatos<\/a><\/li>\n<\/ul>\n<h3>19-Mar\u00e7o Inscri\u00e7\u00f5es Homologadas<\/h3>\n<p>O Programa de P\u00f3s-Gradua\u00e7\u00e3o em Computa\u00e7\u00e3o da Universidade Federal do Rio Grande do Sul (PPGC) torna p\u00fablico a rela\u00e7\u00e3o de inscri\u00e7\u00f5es homologadas ao processo seletivo de Bolsas de Estudo de Mestrado. O(a) candidato(a) que inscreveu-se dentro do prazo e n\u00e3o consta na lista pode ingressar com recurso at\u00e9 o dia 21\/03\/2025.<\/p>\n<ul>\n<li><a href=\"http:\/\/www.inf.ufrgs.br\/profcomp\/wp-content\/uploads\/2025\/03\/Lista-inscritos-Edital-Bolsas-003_2025.pdf\">Lista de inscri\u00e7\u00f5es homologadas &#8211; Edital Processo Seletivo de Bolsas 003\/2025<\/a><\/li>\n<\/ul>\n<h3>12-Mar\u00e7o Conte\u00fado Program\u00e1tico<\/h3>\n<p>O Programa de P\u00f3s-Gradua\u00e7\u00e3o em Computa\u00e7\u00e3o da Universidade Federal do Rio Grande do Sul (PPGC), de acordo com sua legisla\u00e7\u00e3o vigente, e por delibera\u00e7\u00e3o de sua Comiss\u00e3o de P\u00f3s-Gradua\u00e7\u00e3o, torna p\u00fablico o conte\u00fado program\u00e1tico do processo seletivo de Bolsas de Estudo de Mestrado.<\/p>\n<ul>\n<li><a href=\"http:\/\/www.inf.ufrgs.br\/profcomp\/wp-content\/uploads\/2025\/03\/Edital-Bolsas-2025_1-Conteudo-Programatico.pdf\">Conte\u00fado program\u00e1tico &#8211; Processo Seletivo de Bolsas de Estudo de Mestrado<\/a><\/li>\n<\/ul>\n<h3>20-Fevereiro Divulga\u00e7\u00e3o do Edital de Processo Seletivo de Bolsas de Estudo de Mestrado<\/h3>\n<p>O Programa de P\u00f3s-Gradua\u00e7\u00e3o em Computa\u00e7\u00e3o da Universidade Federal do Rio Grande do Sul (PPGC), de acordo com sua legisla\u00e7\u00e3o vigente, e por delibera\u00e7\u00e3o de sua Comiss\u00e3o de P\u00f3s-Gradua\u00e7\u00e3o, torna p\u00fablica a abertura de inscri\u00e7\u00f5es para a sele\u00e7\u00e3o de estudantes matriculados\/as visando ao preenchimento de vagas de bolsas de Mestrado. O presente edital contempla tanto ingressantes via reserva de vagas (A\u00e7\u00f5es Afirmativas) quanto via ampla concorr\u00eancia.<\/p>\n<ul>\n<li><a href=\"http:\/\/www.inf.ufrgs.br\/profcomp\/wp-content\/uploads\/2025\/02\/edital-ppgc-003-2025-bolsas-mestrado.pdf\">Edital PPGC No 003\/2025 &#8211; Processo Seletivo de Bolsas de Estudo de Mestrado<\/a><\/li>\n<li><a href=\"http:\/\/www.inf.ufrgs.br\/profcomp\/wp-content\/uploads\/2025\/02\/formulario_edital_bolsas-mestrado-ppgc.docx\">Formul\u00e1rio de Inscri\u00e7\u00e3o no Processo Seletivo de Bolsas (docx)<\/a><\/li>\n<\/ul>\n","protected":false},"excerpt":{"rendered":"<p>28-Maio Primeiro Termo Aditivo ao Edital de Processo Seletivo de Bolsas de Estudo de Mestrado O Programa de P\u00f3s-Gradua\u00e7\u00e3o em Computa\u00e7\u00e3o da Universidade Federal do Rio Grande do Sul (PPGC) torna p\u00fablico o Primeiro Termo Aditivo ao Edital de Processo Seletivo de Bolsas de Estudo de Mestrado. Primeiro Termo Aditivo &#8211; Edital de Processo Seletivo [&hellip;]<\/p>\n","protected":false},"author":24,"featured_media":0,"parent":387,"menu_order":2,"comment_status":"closed","ping_status":"closed","template":"","meta":[],"_links":{"self":[{"href":"https:\/\/www.inf.ufrgs.br\/profcomp\/wp-json\/wp\/v2\/pages\/6995"}],"collection":[{"href":"https:\/\/www.inf.ufrgs.br\/profcomp\/wp-json\/wp\/v2\/pages"}],"about":[{"href":"https:\/\/www.inf.ufrgs.br\/profcomp\/wp-json\/wp\/v2\/types\/page"}],"author":[{"embeddable":true,"href":"https:\/\/www.inf.ufrgs.br\/profcomp\/wp-json\/wp\/v2\/users\/24"}],"replies":[{"embeddable":true,"href":"https:\/\/www.inf.ufrgs.br\/profcomp\/wp-json\/wp\/v2\/comments?post=6995"}],"version-history":[{"count":16,"href":"https:\/\/www.inf.ufrgs.br\/profcomp\/wp-json\/wp\/v2\/pages\/6995\/revisions"}],"predecessor-version":[{"id":7183,"href":"https:\/\/www.inf.ufrgs.br\/profcomp\/wp-json\/wp\/v2\/pages\/6995\/revisions\/7183"}],"up":[{"embeddable":true,"href":"https:\/\/www.inf.ufrgs.br\/profcomp\/wp-json\/wp\/v2\/pages\/387"}],"wp:attachment":[{"href":"https:\/\/www.inf.ufrgs.br\/profcomp\/wp-json\/wp\/v2\/media?parent=6995"}],"curies":[{"name":"wp","href":"https:\/\/api.w.org\/{rel}","templated":true}]}}