{"id":701,"date":"2015-12-30T09:41:32","date_gmt":"2015-12-30T11:41:32","guid":{"rendered":"http:\/\/www.inf.ufrgs.br\/profcomp_wp\/?page_id=701"},"modified":"2016-05-12T16:03:43","modified_gmt":"2016-05-12T19:03:43","slug":"cmp264","status":"publish","type":"page","link":"https:\/\/www.inf.ufrgs.br\/profcomp\/lista-de-disciplinas\/cmp264\/","title":{"rendered":"CMP264"},"content":{"rendered":"<h3><strong>Visualiza\u00e7\u00e3o de Informa\u00e7\u00f5es<\/strong><\/h3>\n<p><b>Respons\u00e1vel<\/b>: <a href=\"http:\/\/www.inf.ufrgs.br\/site\/docente\/carla-maria-dal-sasso-freitas-2\/\">Carla Maria Dal Sasso Freitas<\/a><br \/>\n<b>Pr\u00e9-Requisitos<\/b>: &#8211;<br \/>\n<b>Carga Hor\u00e1ria<\/b>: 60 hs<br \/>\n<b>Cr\u00e9ditos<\/b>: 4<br \/>\n<b>Semestres Oferecidos<\/b>: Primeiro semestre<br \/>\n<b>Matr\u00edcula de Graduandos<\/b>: A matricula dever\u00e1 ser feita como Aluno Especial<br \/>\n<b>P\u00e1gina da Disciplina<\/b>: &#8211;<\/p>\n<p><strong>S\u00daMULA<\/strong><\/p>\n<p align=\"justify\">Introdu\u00e7\u00e3o \u00e0 visualiza\u00e7\u00e3o de informa\u00e7\u00f5es e suas aplica\u00e7\u00f5es: vis\u00e3o geral da \u00e1rea, rela\u00e7\u00e3o com outras \u00e1reas da computa\u00e7\u00e3o, conceitos b\u00e1sicos. Representa\u00e7\u00f5es visuais. Estrat\u00e9gias de visualiza\u00e7\u00e3o e t\u00e9cnicas de intera\u00e7\u00e3o. Visualiza\u00e7\u00e3o cient\u00edfica, visualiza\u00e7\u00e3o de dados multidimensionais ou multivariados, visualiza\u00e7\u00e3o de \u00e1rvores e grafos, visualiza\u00e7\u00e3o de dados temporais, visualiza\u00e7\u00e3o de software. Aspectos de avalia\u00e7\u00e3o de t\u00e9cnicas de visualiza\u00e7\u00e3o.<\/p>\n<p><strong>OBJETIVOS<\/strong><\/p>\n<p align=\"justify\">Esta disciplina explora o tema com os seguintes objetivos:<br \/>\n\u2022 apresentar os conceitos b\u00e1sicos envolvidos na concep\u00e7\u00e3o de t\u00e9cnicas de visualiza\u00e7\u00e3o de informa\u00e7\u00f5es,<br \/>\n\u2022 apresentar t\u00e9cnicas de visualiza\u00e7\u00e3o representativas de diferentes classes de dados e aplica\u00e7\u00f5es<br \/>\n\u2022 fornecer o conhecimento b\u00e1sico para o desenvolvimento de t\u00e9cnicas interativas de visualiza\u00e7\u00e3o de informa\u00e7\u00f5es,<br \/>\n\u2022 discutir aspectos de avalia\u00e7\u00e3o de visualiza\u00e7\u00f5es.<\/p>\n<p><strong>PROGRAMA<\/strong><\/p>\n<p align=\"justify\">1. Introdu\u00e7\u00e3o, motiva\u00e7\u00e3o<br \/>\n2. Revis\u00e3o sobre fundamentos de Computa\u00e7\u00e3o Gr\u00e1fica e Intera\u00e7\u00e3o<br \/>\n3. Classes (tipos) de informa\u00e7\u00f5es e tarefas de usu\u00e1rios de visualiza\u00e7\u00f5es<br \/>\n4. Representa\u00e7\u00f5es visuais: conceitos de percep\u00e7\u00e3o, codifica\u00e7\u00e3o visual e espacial<br \/>\n5. Estrat\u00e9gias de visualiza\u00e7\u00e3o e t\u00e9cnicas de intera\u00e7\u00e3o<br \/>\n6. Visualiza\u00e7\u00e3o de dados cient\u00edficos<br \/>\n7. Visualiza\u00e7\u00e3o de dados multidimensionais<br \/>\n8. Visualiza\u00e7\u00e3o de \u00e1rvores e grafos<br \/>\n9. Visualiza\u00e7\u00e3o de dados temporais<br \/>\n10. Visualiza\u00e7\u00e3o de software<br \/>\n11. Avalia\u00e7\u00e3o de visualiza\u00e7\u00f5es de informa\u00e7\u00f5es<\/p>\n<p><strong>CRIT\u00c9RIOS DE AVALIA\u00c7\u00c3O<\/strong><\/p>\n<p align=\"justify\">O aluno ser\u00e1 avaliado com base na participa\u00e7\u00e3o positiva em aula e no desempenho nos trabalhos ao longo do semestre. Dois trabalhos ser\u00e3o desenvolvidos, um de cunho te\u00f3rico e outro pr\u00e1tico.<\/p>\n<p><strong>BIBLIOGRAFIA<\/strong><\/p>\n<p align=\"justify\">A disciplina ser\u00e1 basicamente centrada em artigos de peri\u00f3dicos e confer\u00eancias, mas os livros abaixo constituem importante material e refer\u00eancia, do qual extrairemos cap\u00edtulos espec\u00edficos.<\/p>\n<p>Card, Stuart, Mackinlay, Jock e Shneiderman, Ben. Readings in Information Visualization. Morgan Kaufmann, 1999.<br \/>\nFarin, Gerald e Hansford, Dianne. Mathematical Principles for Scientific Computing and Visualization. A.K.Peters Ltd. , 2008<br \/>\nTelea, Alexandru. Data Visualization: Principles and Practice. A.K. Peters, 2007.<br \/>\nTufte, Edward. The Visual Display of Quantitative Information. Graphics Press, 1983.<br \/>\nTufte, Edward. Envisioning Information. Graphics Press, 1990.<br \/>\nTufte, Edward. Visual Explanations: Images and Quantities, Evidence and Narrative. Graphics Press, 1997<br \/>\nSpence, Robert. Information Visualization (2nd edition). Prentice Hall, 2007.<br \/>\nWard, Matthew, Grisntein. Georges e Keim, Daniel. Interactive Data Visualization. A.K. Peters Ltd., 2010.<br \/>\nWare, Colin. Information Visualization: From Perception to Design (2nd edition). Morgan Kaufmann, 2004.<\/p>\n","protected":false},"excerpt":{"rendered":"<p>Visualiza\u00e7\u00e3o de Informa\u00e7\u00f5es Respons\u00e1vel: Carla Maria Dal Sasso Freitas Pr\u00e9-Requisitos: &#8211; Carga Hor\u00e1ria: 60 hs Cr\u00e9ditos: 4 Semestres Oferecidos: Primeiro semestre Matr\u00edcula de Graduandos: A matricula dever\u00e1 ser feita como Aluno Especial P\u00e1gina da Disciplina: &#8211; S\u00daMULA Introdu\u00e7\u00e3o \u00e0 visualiza\u00e7\u00e3o de informa\u00e7\u00f5es e suas aplica\u00e7\u00f5es: vis\u00e3o geral da \u00e1rea, rela\u00e7\u00e3o com outras \u00e1reas da computa\u00e7\u00e3o, [&hellip;]<\/p>\n","protected":false},"author":1,"featured_media":0,"parent":462,"menu_order":264,"comment_status":"closed","ping_status":"closed","template":"","meta":[],"_links":{"self":[{"href":"https:\/\/www.inf.ufrgs.br\/profcomp\/wp-json\/wp\/v2\/pages\/701"}],"collection":[{"href":"https:\/\/www.inf.ufrgs.br\/profcomp\/wp-json\/wp\/v2\/pages"}],"about":[{"href":"https:\/\/www.inf.ufrgs.br\/profcomp\/wp-json\/wp\/v2\/types\/page"}],"author":[{"embeddable":true,"href":"https:\/\/www.inf.ufrgs.br\/profcomp\/wp-json\/wp\/v2\/users\/1"}],"replies":[{"embeddable":true,"href":"https:\/\/www.inf.ufrgs.br\/profcomp\/wp-json\/wp\/v2\/comments?post=701"}],"version-history":[{"count":4,"href":"https:\/\/www.inf.ufrgs.br\/profcomp\/wp-json\/wp\/v2\/pages\/701\/revisions"}],"predecessor-version":[{"id":2497,"href":"https:\/\/www.inf.ufrgs.br\/profcomp\/wp-json\/wp\/v2\/pages\/701\/revisions\/2497"}],"up":[{"embeddable":true,"href":"https:\/\/www.inf.ufrgs.br\/profcomp\/wp-json\/wp\/v2\/pages\/462"}],"wp:attachment":[{"href":"https:\/\/www.inf.ufrgs.br\/profcomp\/wp-json\/wp\/v2\/media?parent=701"}],"curies":[{"name":"wp","href":"https:\/\/api.w.org\/{rel}","templated":true}]}}