{"id":705,"date":"2015-12-30T09:42:59","date_gmt":"2015-12-30T11:42:59","guid":{"rendered":"http:\/\/www.inf.ufrgs.br\/profcomp_wp\/?page_id=705"},"modified":"2019-06-19T09:23:25","modified_gmt":"2019-06-19T12:23:25","slug":"cmp117","status":"publish","type":"page","link":"https:\/\/www.inf.ufrgs.br\/profcomp\/lista-de-disciplinas\/cmp117\/","title":{"rendered":"CMP117"},"content":{"rendered":"<h3><strong>Arquitetura e Projeto de Sistemas VLSI II<\/strong><\/h3>\n<p><b>Respons\u00e1vel<\/b>: <a href=\"http:\/\/www.inf.ufrgs.br\/site\/docente\/luigi-carro\/\">Luigi Carro<\/a><br \/>\n<b>Pr\u00e9-Requisitos<\/b>: &#8211;<br \/>\n<b>Carga Hor\u00e1ria<\/b>: 60 hs<br \/>\n<b>Cr\u00e9ditos<\/b>: 4<br \/>\n<b>Semestres Oferecidos<\/b>: Segundo semestre<br \/>\n<b>Matr\u00edcula de Graduandos<\/b>: A matricula dever\u00e1 ser feita como Aluno Especial<br \/>\n<b>P\u00e1gina da Disciplina<\/b>: &#8211;<\/p>\n<p><strong>OBJETIVOS<\/strong><\/p>\n<p align=\"justify\">Sistemas Digitais complexos podem ser integrados como um \u00fanico microcircuito. O estudo dos algoritmos apropriados para serem integrados, da estrutura do circuito e da disposi\u00e7\u00e3o espacial e interliga\u00e7\u00e3o dos blocos funcionais s\u00e3o os objetivos desta disciplina. M\u00e1quinas existentes, como os microprocessadores comerciais, s\u00e3o utilizados como exemplos. Um modelo de m\u00e1quina \u00e9 proposto. Ferramentas e sistemas de CAD s\u00e3o estudados<\/p>\n<p><strong>PROGRAMA<\/strong><\/p>\n<p align=\"justify\">\u2022 Classifica\u00e7\u00e3o de sistemas digitais<br \/>\n\u2022 Metodologia de concep\u00e7\u00e3o e sistemas de CAD<br \/>\n&#8211; Concep\u00e7\u00e3o descendente<br \/>\n&#8211; Estrutura do sistema de CAD<br \/>\n&#8211; Especifica\u00e7\u00e3o &#8211; linguagens de descri\u00e7\u00e3o de hardware<br \/>\n\u2022 Automatiza\u00e7\u00e3o da s\u00edntese<br \/>\n&#8211; Proposta de arquitetura alvo<br \/>\n&#8211; Extra\u00e7\u00e3o da especifica\u00e7\u00e3o da PO e PC a partir de uma descri\u00e7\u00e3o em HDL<br \/>\n&#8211; Interface entre n\u00edveis de descri\u00e7\u00e3o<br \/>\n\u2022 T\u00e9cnicas de implementa\u00e7\u00e3o<br \/>\n&#8211; P.O. simples, m\u00faltipla, interpretada<br \/>\n&#8211; P.C. regular (ROM\/PLA)<br \/>\n&#8211; Interface PO-PC<br \/>\n\u2022 Influ\u00eancia da descri\u00e7\u00e3o na arquitetura da m\u00e1quina<br \/>\n\u2022 Arquitetura de processadores RISC<br \/>\n\u2022 Arquitetura de circuitos para DSP (\u00e1udio, v\u00eddeo, transmiss\u00e3o de dados e controle)<br \/>\n\u2022 Processadores integrados especiais (ASIPS)<\/p>\n<p><strong>BIBLIOGRAFIA<\/strong><\/p>\n<p align=\"justify\">\u2022 HON, R., SEQUIN, C. A Guide to LSI: Implementation. Palo Alto, s. ed., s. d.<br \/>\n\u2022 AYRES, R. VLSI Silicon Compilation and the Art of Automatic Micro Design. Prentice-Hall, 1983.<br \/>\n\u2022 WESTE, N. H., ESHRAGHIAN, K. Principles of CMOS VLSI Design. Addison-Wesley, 1985.<br \/>\n\u2022 Artigos de peri\u00f3dicos e de anais de congressos, teses, disserta\u00e7\u00f5es e relat\u00f3rios de pesquisa.<\/p>\n","protected":false},"excerpt":{"rendered":"<p>Arquitetura e Projeto de Sistemas VLSI II Respons\u00e1vel: Luigi Carro Pr\u00e9-Requisitos: &#8211; Carga Hor\u00e1ria: 60 hs Cr\u00e9ditos: 4 Semestres Oferecidos: Segundo semestre Matr\u00edcula de Graduandos: A matricula dever\u00e1 ser feita como Aluno Especial P\u00e1gina da Disciplina: &#8211; OBJETIVOS Sistemas Digitais complexos podem ser integrados como um \u00fanico microcircuito. O estudo dos algoritmos apropriados para serem [&hellip;]<\/p>\n","protected":false},"author":1,"featured_media":0,"parent":462,"menu_order":117,"comment_status":"closed","ping_status":"closed","template":"","meta":[],"_links":{"self":[{"href":"https:\/\/www.inf.ufrgs.br\/profcomp\/wp-json\/wp\/v2\/pages\/705"}],"collection":[{"href":"https:\/\/www.inf.ufrgs.br\/profcomp\/wp-json\/wp\/v2\/pages"}],"about":[{"href":"https:\/\/www.inf.ufrgs.br\/profcomp\/wp-json\/wp\/v2\/types\/page"}],"author":[{"embeddable":true,"href":"https:\/\/www.inf.ufrgs.br\/profcomp\/wp-json\/wp\/v2\/users\/1"}],"replies":[{"embeddable":true,"href":"https:\/\/www.inf.ufrgs.br\/profcomp\/wp-json\/wp\/v2\/comments?post=705"}],"version-history":[{"count":5,"href":"https:\/\/www.inf.ufrgs.br\/profcomp\/wp-json\/wp\/v2\/pages\/705\/revisions"}],"predecessor-version":[{"id":4069,"href":"https:\/\/www.inf.ufrgs.br\/profcomp\/wp-json\/wp\/v2\/pages\/705\/revisions\/4069"}],"up":[{"embeddable":true,"href":"https:\/\/www.inf.ufrgs.br\/profcomp\/wp-json\/wp\/v2\/pages\/462"}],"wp:attachment":[{"href":"https:\/\/www.inf.ufrgs.br\/profcomp\/wp-json\/wp\/v2\/media?parent=705"}],"curies":[{"name":"wp","href":"https:\/\/api.w.org\/{rel}","templated":true}]}}