{"id":709,"date":"2015-12-30T09:44:05","date_gmt":"2015-12-30T11:44:05","guid":{"rendered":"http:\/\/www.inf.ufrgs.br\/profcomp_wp\/?page_id=709"},"modified":"2019-06-19T09:30:03","modified_gmt":"2019-06-19T12:30:03","slug":"cmp244","status":"publish","type":"page","link":"https:\/\/www.inf.ufrgs.br\/profcomp\/lista-de-disciplinas\/cmp244\/","title":{"rendered":"CMP244"},"content":{"rendered":"<h3><strong>CAD para a S\u00edntese F\u00edsica<\/strong><\/h3>\n<p><b>Respons\u00e1vel<\/b>: <a href=\"http:\/\/www.inf.ufrgs.br\/site\/docente\/ricardo-augusto-da-luz-reis\/\">Ricardo Reis<\/a><br \/>\n<b>Pr\u00e9-Requisitos<\/b>: &#8211;<br \/>\n<b>Carga Hor\u00e1ria<\/b>: 60 hs<br \/>\n<b>Cr\u00e9ditos<\/b>: 4<br \/>\n<b>Semestres Oferecidos<\/b>: Segundo semestre<br \/>\n<b>Matr\u00edcula de Graduandos<\/b>: A matricula dever\u00e1 ser feita como Aluno Especial<br \/>\n<b>P\u00e1gina da Disciplina<\/b>: &#8211;<\/p>\n<p><strong>S\u00daMULA<\/strong><\/p>\n<p align=\"justify\">Introdu\u00e7\u00e3o &#8211; S\u00edntese autom\u00e1tica de leiaute &#8211; Estudo de metodologias de s\u00edntese autom\u00e1tica &#8211; Metodologia FUCAS &#8211; Especifica\u00e7\u00e3o do sistema de s\u00edntese &#8211; Ferramentas que devem compor o sistema de s\u00edntese &#8211; Algoritmos de particionamento, posicionamento e roteamento &#8211; Planejamento topol\u00f3gico &#8211; S\u00edntese de circuitos submicr\u00f4nicos CMOS &#8211; Desenvolvimento de um sistema prot\u00f3tipo &#8211; Compara\u00e7\u00f5es e an\u00e1lise dos resultados<\/p>\n<p><strong>OBJETIVOS<\/strong><\/p>\n<p align=\"justify\">Estudar estrat\u00e9gias e de metodologias para a s\u00edntese f\u00edsica autom\u00e1tica de circuitos integrados VLSI, a partir do n\u00edvel l\u00f3gico at\u00e9 a implementa\u00e7\u00e3o de leiaute do chip. Como trabalho pr\u00e1tico ser\u00e1 desenvolvido o exerc\u00edcio efetivo de um m\u00e9todo de projeto que utilize um fluxo autom\u00e1tico de s\u00edntese. As ferramentas dever\u00e3o considerar o uso de portas complexas, com o dimensionamento autom\u00e1tico de transistores. O sistema de s\u00edntese em estudo dever\u00e1 contemplar as etapas de minimiza\u00e7\u00e3o de transistores, particionamento, posicionamento e roteamento.<\/p>\n<p><strong>CRIT\u00c9RIOS DE AVALIA\u00c7\u00c3O<\/strong><\/p>\n<p align=\"justify\">Atrav\u00e9s de trabalhos pr\u00e1ticos<\/p>\n<p><strong>BIBLIOGRAFIA<\/strong><\/p>\n<p align=\"justify\">O conte\u00fado da disciplina ser\u00e1 desenvolvido essencialmente atrav\u00e9s do apoio de artigos de revistas e de anais de congressos que descrevem estrat\u00e9gias e o estado-da-arte nos temas constantes da s\u00famula.<\/p>\n","protected":false},"excerpt":{"rendered":"<p>CAD para a S\u00edntese F\u00edsica Respons\u00e1vel: Ricardo Reis Pr\u00e9-Requisitos: &#8211; Carga Hor\u00e1ria: 60 hs Cr\u00e9ditos: 4 Semestres Oferecidos: Segundo semestre Matr\u00edcula de Graduandos: A matricula dever\u00e1 ser feita como Aluno Especial P\u00e1gina da Disciplina: &#8211; S\u00daMULA Introdu\u00e7\u00e3o &#8211; S\u00edntese autom\u00e1tica de leiaute &#8211; Estudo de metodologias de s\u00edntese autom\u00e1tica &#8211; Metodologia FUCAS &#8211; Especifica\u00e7\u00e3o do [&hellip;]<\/p>\n","protected":false},"author":1,"featured_media":0,"parent":462,"menu_order":244,"comment_status":"closed","ping_status":"closed","template":"","meta":[],"_links":{"self":[{"href":"https:\/\/www.inf.ufrgs.br\/profcomp\/wp-json\/wp\/v2\/pages\/709"}],"collection":[{"href":"https:\/\/www.inf.ufrgs.br\/profcomp\/wp-json\/wp\/v2\/pages"}],"about":[{"href":"https:\/\/www.inf.ufrgs.br\/profcomp\/wp-json\/wp\/v2\/types\/page"}],"author":[{"embeddable":true,"href":"https:\/\/www.inf.ufrgs.br\/profcomp\/wp-json\/wp\/v2\/users\/1"}],"replies":[{"embeddable":true,"href":"https:\/\/www.inf.ufrgs.br\/profcomp\/wp-json\/wp\/v2\/comments?post=709"}],"version-history":[{"count":4,"href":"https:\/\/www.inf.ufrgs.br\/profcomp\/wp-json\/wp\/v2\/pages\/709\/revisions"}],"predecessor-version":[{"id":4071,"href":"https:\/\/www.inf.ufrgs.br\/profcomp\/wp-json\/wp\/v2\/pages\/709\/revisions\/4071"}],"up":[{"embeddable":true,"href":"https:\/\/www.inf.ufrgs.br\/profcomp\/wp-json\/wp\/v2\/pages\/462"}],"wp:attachment":[{"href":"https:\/\/www.inf.ufrgs.br\/profcomp\/wp-json\/wp\/v2\/media?parent=709"}],"curies":[{"name":"wp","href":"https:\/\/api.w.org\/{rel}","templated":true}]}}