{"id":715,"date":"2015-12-30T09:46:54","date_gmt":"2015-12-30T11:46:54","guid":{"rendered":"http:\/\/www.inf.ufrgs.br\/profcomp_wp\/?page_id=715"},"modified":"2019-07-11T13:05:14","modified_gmt":"2019-07-11T16:05:14","slug":"cmp235","status":"publish","type":"page","link":"https:\/\/www.inf.ufrgs.br\/profcomp\/lista-de-disciplinas\/cmp235\/","title":{"rendered":"CMP235"},"content":{"rendered":"<p><strong>CMP235 &#8211; Engenharia do Conhecimento<\/strong><\/p>\n<p><strong>SEMESTRE LETIVO:<\/strong> 2019\/2<strong> &#8211; <span style=\"text-decoration: underline;\">Ministrada em Ingl\u00eas<\/span><br \/>\nCARGA HOR\u00c1RIA:<\/strong> 60 horas-aula<strong><br \/>\nN\u00daMERO DE CR\u00c9DITOS:\u00a0 <\/strong>4 cr\u00e9ditos<\/p>\n<p><strong>RESPONS\u00c1VEL: <\/strong>Mara Abel<\/p>\n<p><strong>MATR\u00cdCULA DE GRADUANDOS<\/strong>: A matr\u00edcula dever\u00e1 ser feita como Aluno Especial<\/p>\n<p><strong>OBJETIVOS<\/strong><\/p>\n<p>O curso tem por objetivo apresentar os princ\u00edpios da Gest\u00e3o de Conhecimento e estudar t\u00e9cnicas e metodologias para aquisi\u00e7\u00e3o, modelagem e representa\u00e7\u00e3o de conhecimento para captura de conhecimento estrat\u00e9gico nas organiza\u00e7\u00f5es e constru\u00e7\u00e3o de sistemas. \u00a0Ontologias s\u00e3o estudadas em profundidade: premissas filos\u00f3ficas, modelagem conceitual, ontologias de dom\u00ednio e linguagens para representa\u00e7\u00e3o de ontologias.<\/p>\n<p><strong>M\u00c9TODO DE TRABALHO (PRINCIPAIS ATIVIDADES)<\/strong><\/p>\n<p>A disciplina intercala aulas te\u00f3ricas com exerc\u00edcios de fixa\u00e7\u00e3o iniciados em aula e finalizados como trabalho extra-classe. Um estudo de caso com linguagens de representa\u00e7\u00e3o de ontologias \u00e9 realizado como trabalho final.<\/p>\n<p><strong>PROCEDIMENTOS E\/OU CRIT\u00c9RIOS DE AVALIA\u00c7\u00c3O<\/strong><\/p>\n<p>A avalia\u00e7\u00e3o \u00e9 constru\u00edda pela composi\u00e7\u00e3o equilibrada dos seguintes itens:<\/p>\n<ol>\n<li>Participa\u00e7\u00e3o em aula e entrega dos trabalhos correspondentes (s\u00f3 ser\u00e3o aceitos trabalhos de alunos presentes em aula)<br \/>\n2. Prova sobre os aspectos conceituais da disciplina<br \/>\n3. Estudo de caso: especifica\u00e7\u00e3o do modelo em uma linguagem de representa\u00e7\u00e3o de conhecimento<\/li>\n<\/ol>\n<p><strong>S\u00daMULA<\/strong><\/p>\n<ul>\n<li>Gest\u00e3o de Conhecimento: uma introdu\u00e7\u00e3o<\/li>\n<li>Fundamentos: cogni\u00e7\u00e3o, conhecimento e infer\u00eancia<\/li>\n<li>Modelagem conceitual e ontologias formais<\/li>\n<li>Aquisi\u00e7\u00e3o conhecimento<\/li>\n<li>Linguagens de representa\u00e7\u00e3o de ontologias<\/li>\n<\/ul>\n<p><strong>CONTE\u00daDO PROGRAM\u00c1TICO<\/strong><\/p>\n<ol>\n<li>Gest\u00e3o de conhecimento<br \/>\n1. Conceito e objetivos<br \/>\n1.2. Ciclo da gest\u00e3o de conhecimento<br \/>\n1.3. Dimens\u00f5es da gest\u00e3o de conhecimento<br \/>\n1.5. Projeto de gest\u00e3o de conhecimento<\/li>\n<li>Cogni\u00e7\u00e3o\n<ul>\n<li>Defini\u00e7\u00e3o e classifica\u00e7\u00e3o de conhecimento<\/li>\n<li>Caracter\u00edsticas cognitivas do especialista<\/li>\n<\/ul>\n<\/li>\n<li>Engenharia de conhecimento\n<ul>\n<li>Princ\u00edpios da engenharia do conhecimento<\/li>\n<li>Modelagem no n\u00edvel do conhecimento e n\u00edvel simb\u00f3lico<\/li>\n<\/ul>\n<\/li>\n<li>Modelagem conceitual e ontologia formal\n<ul>\n<li>Princ\u00edpios de individua\u00e7\u00e3o e identidade<\/li>\n<li>Meta-propriedades ontol\u00f3gicas: rigidez, identidade, unicidade<\/li>\n<\/ul>\n<\/li>\n<li>Metaconstrutos de modelagem dos entes est\u00e1veis no tempo: Continuantes\n<ul>\n<li>UFO- A : Universais<\/li>\n<li>UFO-A : Momentos<\/li>\n<li>UFO-A : Rela\u00e7\u00f5es<\/li>\n<\/ul>\n<\/li>\n<li>Metaconstrutos de modelagem de eventos e processos: Ocorrentes\n<ul>\n<li>UFO-B<\/li>\n<\/ul>\n<\/li>\n<li>Aquisi\u00e7\u00e3o conhecimento para modelos de conhecimento e ontologias\n<ul>\n<li>T\u00e9cnicas de elicia\u00e7\u00e3o<\/li>\n<li>Padr\u00f5es de racioc\u00ednio<\/li>\n<\/ul>\n<\/li>\n<li>Linguagens para representa\u00e7\u00e3o de ontologias<\/li>\n<\/ol>\n<p>&nbsp;<\/p>\n<p><strong>REFER\u00caNCIAS<\/strong><\/p>\n<p>Livros:<\/p>\n<p>Bukowitz, W. R. e R. L. Williams. <u>Manual de Gest\u00e3o do Conhecimento<\/u>. Porto Alegre: Bookman. 2002. 400 p.<\/p>\n<p>Guizzardi, G. <u>Ontological Foundations for Structural Conceptual Models<\/u>. Enschede, The Netherlands: Universal Press, v.05-74. 2005. 410 p. (CTIT PhD Thesis Series)<\/p>\n<p>Schreiber, G., H. Akkermans, A. Anjewierden, R. D. Hoog, N. Shadbolt, W. V. D. Velde e B. Wielinga. <u>Knowledge engineering and management:The CommonKADS Methodology. <\/u>Cambridge: The MIT Press. 2000. 465 p.<\/p>\n<p>Conjunto selecionados de artigos sobre ontologias formais de Nicola Guarino, Giancarlo Guizzardi, Archille Varzi e outros autores.<\/p>\n<p>&nbsp;<\/p>\n<p>&nbsp;<\/p>\n<p>&nbsp;<\/p>\n","protected":false},"excerpt":{"rendered":"<p>CMP235 &#8211; Engenharia do Conhecimento SEMESTRE LETIVO: 2019\/2 &#8211; Ministrada em Ingl\u00eas CARGA HOR\u00c1RIA: 60 horas-aula N\u00daMERO DE CR\u00c9DITOS:\u00a0 4 cr\u00e9ditos RESPONS\u00c1VEL: Mara Abel MATR\u00cdCULA DE GRADUANDOS: A matr\u00edcula dever\u00e1 ser feita como Aluno Especial OBJETIVOS O curso tem por objetivo apresentar os princ\u00edpios da Gest\u00e3o de Conhecimento e estudar t\u00e9cnicas e metodologias para aquisi\u00e7\u00e3o, [&hellip;]<\/p>\n","protected":false},"author":1,"featured_media":0,"parent":462,"menu_order":235,"comment_status":"closed","ping_status":"closed","template":"","meta":[],"_links":{"self":[{"href":"https:\/\/www.inf.ufrgs.br\/profcomp\/wp-json\/wp\/v2\/pages\/715"}],"collection":[{"href":"https:\/\/www.inf.ufrgs.br\/profcomp\/wp-json\/wp\/v2\/pages"}],"about":[{"href":"https:\/\/www.inf.ufrgs.br\/profcomp\/wp-json\/wp\/v2\/types\/page"}],"author":[{"embeddable":true,"href":"https:\/\/www.inf.ufrgs.br\/profcomp\/wp-json\/wp\/v2\/users\/1"}],"replies":[{"embeddable":true,"href":"https:\/\/www.inf.ufrgs.br\/profcomp\/wp-json\/wp\/v2\/comments?post=715"}],"version-history":[{"count":13,"href":"https:\/\/www.inf.ufrgs.br\/profcomp\/wp-json\/wp\/v2\/pages\/715\/revisions"}],"predecessor-version":[{"id":4123,"href":"https:\/\/www.inf.ufrgs.br\/profcomp\/wp-json\/wp\/v2\/pages\/715\/revisions\/4123"}],"up":[{"embeddable":true,"href":"https:\/\/www.inf.ufrgs.br\/profcomp\/wp-json\/wp\/v2\/pages\/462"}],"wp:attachment":[{"href":"https:\/\/www.inf.ufrgs.br\/profcomp\/wp-json\/wp\/v2\/media?parent=715"}],"curies":[{"name":"wp","href":"https:\/\/api.w.org\/{rel}","templated":true}]}}