{"id":717,"date":"2015-12-30T09:48:13","date_gmt":"2015-12-30T11:48:13","guid":{"rendered":"http:\/\/www.inf.ufrgs.br\/profcomp_wp\/?page_id=717"},"modified":"2016-05-12T15:59:46","modified_gmt":"2016-05-12T18:59:46","slug":"cmp148","status":"publish","type":"page","link":"https:\/\/www.inf.ufrgs.br\/profcomp\/lista-de-disciplinas\/cmp148\/","title":{"rendered":"CMP148"},"content":{"rendered":"<h3><strong>Ger\u00eancia de Redes<\/strong><\/h3>\n<p><b>Respons\u00e1vel<\/b>: <a href=\"http:\/\/www.inf.ufrgs.br\/site\/docente\/lisandro-zambenedetti-granville\/\">Lisandro Z. Granville<\/a><br \/>\n<b>Pr\u00e9-Requisitos<\/b>: CMP182<br \/>\n<b>Carga Hor\u00e1ria<\/b>: 30 hs<br \/>\n<b>Cr\u00e9ditos<\/b>: 2<br \/>\n<b>Semestres Oferecidos<\/b>: Segundo semestre<br \/>\n<b>Matr\u00edcula de Graduandos<\/b>: A matricula dever\u00e1 ser feita como Aluno Especial<br \/>\n<b>P\u00e1gina da Disciplina<\/b>: &#8211;<\/p>\n<p><strong>S\u00daMULA<\/strong><\/p>\n<p align=\"justify\">A disciplina aborda os fundamentos envolvidos no gerenciamento de redes, assim como aspectos relacionados a protocolos e servi\u00e7os do n\u00edvel de aplica\u00e7\u00e3o do modelo de refer\u00eancia OSI\/ISO em diferentes ambientes de redes de computadores. Atrav\u00e9s de uma abordagem pr\u00e1tica ser\u00e3o apresentados os principais conceitos no gerenciamento de redes, interfaces de programa\u00e7\u00e3o e outros servi\u00e7os.<\/p>\n<p><strong>OBJETIVOS<\/strong><\/p>\n<p align=\"justify\">Capacitar os alunos a analisar, utilizar e desenvolver ferramentas de gerenciamento de redes de computadores<\/p>\n<p><strong>PROGRAMA<\/strong><\/p>\n<p align=\"justify\">&#8211; Organiza\u00e7\u00e3o da ger\u00eancia de redes<\/p>\n<p>&#8211; Ferramentas de monitora\u00e7\u00e3o e controle de rede<\/p>\n<p>&#8211; Modelo de refer\u00eancia para ger\u00eancia de redes<br \/>\n&#8211; Modelo agente-gerente<br \/>\n&#8211; Protocolos de ger\u00eancia<br \/>\n&#8211; Fun\u00e7\u00f5es de ger\u00eancia<\/p>\n<p>&#8211; Modelo de ger\u00eancia Internet<br \/>\n&#8211; SNMP, SMI, MIB, RMON<\/p>\n<p>&#8211; Plataformas de ger\u00eancia<\/p>\n<p>&#8211; Modelo de ger\u00eancia ISO\/OSI<br \/>\n&#8211; CMIS, CMIP, MIB, TMN<\/p>\n<p>&#8211; Aplica\u00e7\u00f5es de gerenciamento<br \/>\n&#8211; Ger\u00eancia pr\u00f3-ativa<br \/>\n&#8211; Automa\u00e7\u00e3o de ger\u00eancia<br \/>\n&#8211; Gerenciamento distribu\u00eddo<br \/>\n&#8211; Ger\u00eancia de seguran\u00e7a<\/p>\n<p><strong>CRIT\u00c9RIOS DE AVALIA\u00c7\u00c3O<\/strong><\/p>\n<p align=\"justify\">A avalia\u00e7\u00e3o ser\u00e1 derivada de 3 componentes:<br \/>\na) Participa\u00e7\u00e3o ativas das atividades desenvolvidas em aula (debates e atividades a serem realizadas em laborat\u00f3rio) (peso 10%)<br \/>\nb) Resultados dos trabalhos propostos (peso 60%)<br \/>\nc) Prova escrita final (peso 30%)<\/p>\n<p><strong>BIBLIOGRAFIA<\/strong><\/p>\n<p align=\"justify\">\u2022 BLACK, U. Network Management Standards. McGraw-Hill, 1995.<br \/>\n\u2022 CLEM, Alexander. Network Management Fundamentals. 2007 Cisco Press<br \/>\n\u2022 FARREL, A. Network Management Know It All. Morgan Kauffman Editors. 2008<br \/>\n\u2022 LEINWAND. Allan. Network Management. A practical perspective. Addison Wesley. 1996<br \/>\n\u2022 LOPES, Raquel e outros. Melhores pr\u00e1ticas para Ger\u00eancia de Redes ded Computadores. Editora Campus. 2003<br \/>\n\u2022 MILLER, Mark. Managing Internetworks with SNMP. M &amp; T Books. 1995.<br \/>\n\u2022 Northcutt, Stephen e outros. Desvendando Seguran\u00e7a em Redes. Editora Campus. 2002.<br \/>\n\u2022 STURM. Rick. Service Level Management &#8211; Fundamentos do Gerenciamento de N\u00edveis de Servi\u00e7o. Editora Campus. 2001<br \/>\n\u2022 WENSTROM, Michael. Managing Cisco Network Security (Gerenciando a seguran\u00e7a de redes CISCO). Alta.Books. 2002<\/p>\n","protected":false},"excerpt":{"rendered":"<p>Ger\u00eancia de Redes Respons\u00e1vel: Lisandro Z. Granville Pr\u00e9-Requisitos: CMP182 Carga Hor\u00e1ria: 30 hs Cr\u00e9ditos: 2 Semestres Oferecidos: Segundo semestre Matr\u00edcula de Graduandos: A matricula dever\u00e1 ser feita como Aluno Especial P\u00e1gina da Disciplina: &#8211; S\u00daMULA A disciplina aborda os fundamentos envolvidos no gerenciamento de redes, assim como aspectos relacionados a protocolos e servi\u00e7os do n\u00edvel [&hellip;]<\/p>\n","protected":false},"author":1,"featured_media":0,"parent":462,"menu_order":148,"comment_status":"closed","ping_status":"closed","template":"","meta":[],"_links":{"self":[{"href":"https:\/\/www.inf.ufrgs.br\/profcomp\/wp-json\/wp\/v2\/pages\/717"}],"collection":[{"href":"https:\/\/www.inf.ufrgs.br\/profcomp\/wp-json\/wp\/v2\/pages"}],"about":[{"href":"https:\/\/www.inf.ufrgs.br\/profcomp\/wp-json\/wp\/v2\/types\/page"}],"author":[{"embeddable":true,"href":"https:\/\/www.inf.ufrgs.br\/profcomp\/wp-json\/wp\/v2\/users\/1"}],"replies":[{"embeddable":true,"href":"https:\/\/www.inf.ufrgs.br\/profcomp\/wp-json\/wp\/v2\/comments?post=717"}],"version-history":[{"count":4,"href":"https:\/\/www.inf.ufrgs.br\/profcomp\/wp-json\/wp\/v2\/pages\/717\/revisions"}],"predecessor-version":[{"id":2488,"href":"https:\/\/www.inf.ufrgs.br\/profcomp\/wp-json\/wp\/v2\/pages\/717\/revisions\/2488"}],"up":[{"embeddable":true,"href":"https:\/\/www.inf.ufrgs.br\/profcomp\/wp-json\/wp\/v2\/pages\/462"}],"wp:attachment":[{"href":"https:\/\/www.inf.ufrgs.br\/profcomp\/wp-json\/wp\/v2\/media?parent=717"}],"curies":[{"name":"wp","href":"https:\/\/api.w.org\/{rel}","templated":true}]}}