{"id":7174,"date":"2025-05-27T16:41:36","date_gmt":"2025-05-27T19:41:36","guid":{"rendered":"https:\/\/www.inf.ufrgs.br\/profcomp\/?page_id=7174"},"modified":"2025-05-27T16:43:17","modified_gmt":"2025-05-27T19:43:17","slug":"cmp631","status":"publish","type":"page","link":"https:\/\/www.inf.ufrgs.br\/profcomp\/lista-de-disciplinas\/cmp631\/","title":{"rendered":"CMP631"},"content":{"rendered":"<h2>CMP631: T\u00f3picos Especiais em Computa\u00e7\u00e3o DCXXXI &#8211; Comunica\u00e7\u00e3o de Dados e Tecnologias de Redes Emergentes<\/h2>\n<p><strong>Cr\u00e9ditos:<\/strong> 4<br \/>\n<strong>Carga hor\u00e1ria:<\/strong> 60 h<br \/>\n<strong>Matr\u00edcula de Graduandos:<\/strong> A matricula poder\u00e1 ser feita ou como Aluno Especial ou<br \/>\npela disciplina de c\u00f3digo INF01005<\/p>\n<p><strong>S\u00famula\/ementa:<\/strong><\/p>\n<p>Teoria da informa\u00e7\u00e3o. Codifica\u00e7\u00e3o de fonte. Codifica\u00e7\u00e3o de canal. Modula\u00e7\u00e3o. Canal<br \/>\nf\u00edsico. Multiplexa\u00e7\u00e3o. Acesso m\u00faltiplo. Sistemas de comunica\u00e7\u00e3o \u00f3pticos. Sistemas de<br \/>\ncomunica\u00e7\u00e3o sem fios.<\/p>\n<p><strong>Objetivos:<\/strong><\/p>\n<p>Fornecer ao aluno uma vis\u00e3o ampla e geral sobre as caracter\u00edsticas e t\u00e9cnicas aplicadas<br \/>\nem sistemas de Comunica\u00e7\u00e3o de Dados e tecnologias de redes emergentes, com \u00eanfase<br \/>\nespecial em sistemas \u00f3pticos e sistemas sem fio<\/p>\n<h3>Programa (conte\u00fado):<\/h3>\n<p style=\"padding-left: 40px;\">1) Fundamentos de comunica\u00e7\u00e3o de dados<\/p>\n<p style=\"padding-left: 80px;\">a) Sistema de Comunica\u00e7\u00e3o de Informa\u00e7\u00e3o de Shannon<\/p>\n<p style=\"padding-left: 80px;\">b) Fonte de Informa\u00e7\u00e3o; Efici\u00eancia de fonte<\/p>\n<p style=\"padding-left: 80px;\">c) Codificador de fonte; Efici\u00eancia de c\u00f3digo<\/p>\n<p style=\"padding-left: 80px;\">d) An\u00e1lise de Fourier<\/p>\n<p style=\"padding-left: 80px;\">e) Caracteriza\u00e7\u00e3o de um Canal; Caracter\u00edsticas de um Sistema de Comunica\u00e7\u00e3o de Dados.<\/p>\n<p style=\"padding-left: 80px;\">f) Transmiss\u00e3o em Banda Base (c\u00f3digos)<\/p>\n<p style=\"padding-left: 80px;\">g) Transmiss\u00e3o modulada<\/p>\n<p style=\"padding-left: 80px;\">h) Codifica\u00e7\u00e3o de canal; c\u00f3digos de detec\u00e7\u00e3o e corre\u00e7\u00e3o de erros<\/p>\n<p style=\"padding-left: 80px;\">i) Multiplexa\u00e7\u00e3o (TDM, FDM, SDM)<\/p>\n<p style=\"padding-left: 80px;\">j) Transmiss\u00e3o OFDM<\/p>\n<p style=\"padding-left: 40px;\">2) Sistemas \u00f3pticos<\/p>\n<p style=\"padding-left: 80px;\">a) Fundamentos de f\u00edsica \u00f3ptica; Componentes \u00f3pticos b\u00e1sicos<\/p>\n<p style=\"padding-left: 80px;\">b) Fibra \u00f3ptica, caracter\u00edsticas e distor\u00e7\u00f5es.<\/p>\n<p style=\"padding-left: 80px;\">c) Emissores e detectores \u00f3pticos<\/p>\n<p style=\"padding-left: 80px;\">d) Sistemas \u00f3pticos; Amplificadores e Comutadores \u00f3pticos<\/p>\n<p style=\"padding-left: 80px;\">e) Multiplexa\u00e7\u00e3o e demultiplexa\u00e7\u00e3o por comprimentos de onda; Multiplexadores AddDrop \u00f3pticos, anel \u00f3ptico.<\/p>\n<p style=\"padding-left: 40px;\">3) Sistemas sem fio<\/p>\n<p style=\"padding-left: 80px;\">a) Fundamentos de comunica\u00e7\u00e3o sem fios: antenas, faixas de frequ\u00eancia<\/p>\n<p style=\"padding-left: 80px;\">b) Acesso m\u00faltiplo e espalhamento espectral (FHSS, DSSS, CDMA)<\/p>\n<p style=\"padding-left: 80px;\">c) Redes Pessoais sem fios- WPAN<\/p>\n<p style=\"padding-left: 80px;\">d) Redes Locais sem fios &#8211; WLAN<\/p>\n<p style=\"padding-left: 80px;\">e) Redes de Acesso sem fios: redes metropolitanas WMAN<\/p>\n<h3>M\u00e9todo de trabalho (principais atividades):<\/h3>\n<p>A disciplina ser\u00e1 desenvolvida atrav\u00e9s de aulas expositivas e exerc\u00edcios de aplica\u00e7\u00e3o dos<br \/>\nconceitos apresentados. Ao longo da disciplina os alunos ser\u00e3o solicitados a realizar<br \/>\natividades relacionadas com os conte\u00fados apresentados.<\/p>\n<h3>Procedimentos e\/ou crit\u00e9rios de avalia\u00e7\u00e3o:<\/h3>\n<p>A avalia\u00e7\u00e3o de desempenho se dar\u00e1 atrav\u00e9s de duas verifica\u00e7\u00f5es te\u00f3ricas (V1 e V2), trabalhos pr\u00e1ticos ao longo do semestre (TP) e um trabalho final da disciplina (TF).<\/p>\n<p>A nota final (NF) ser\u00e1 obtida atrav\u00e9s da m\u00e9dia ponderada das verifica\u00e7\u00f5es (60%), trabalhos pr\u00e1ticos (20%) e trabalho final (20%): NF = 0.6*(V1+V2)\/2 + 0.2*TP + 0.2*TF.<\/p>\n<p>Alunos com menos de 75% de frequ\u00eancia nas atividades presenciais receber\u00e3o conceito FF;<\/p>\n<p>Os alunos que N\u00c3O alcan\u00e7arem 60% de aproveitamento (NF &lt; 6.0), receber\u00e3o conceito D;<\/p>\n<p>Os alunos que alcan\u00e7arem entre 60% e 75% de aproveitamento (6.0 \u2264 NF &lt; 7.5), receber\u00e3o conceito C;<\/p>\n<p>Os alunos que alcan\u00e7arem 90% de aproveitamento (9.0 \u2264 NF), receber\u00e3o conceito A;<\/p>\n<p>Ser\u00e3o considerados aprovados os alunos que tiverem obtido conceitos &#8220;A&#8221;, &#8220;B&#8221; ou &#8220;C&#8221;, al\u00e9m dos requisitos regimentais.<\/p>\n<p>Os alunos que n\u00e3o alcan\u00e7arem aproveitamento suficiente para aprova\u00e7\u00e3o, poder\u00e3o realizar uma atividade de recupera\u00e7\u00e3o (desde que tenham cumprido a presen\u00e7a m\u00ednima nas atividades presenciais).<\/p>\n<p>Os alunos que n\u00e3o realizarem alguma das atividades propostas estar\u00e3o, automaticamente, em recupera\u00e7\u00e3o, independentemente do aproveitamento alcan\u00e7ado.<\/p>\n<h3>Bibliografia<\/h3>\n<ul>\n<li>Rochol, Juergen. Comunica\u00e7\u00e3o de Dados. Porto Alegre: Bookman, 2012. ISBN<br \/>\n9788540700376.<\/li>\n<li>Haykin, Simon. Digital Communication Systems. Hoboken: John Wiley, 2014. ISBN<br \/>\n9780471647355.<\/li>\n<li>Stallings, William. Wireless communications and networks. Upper Saddle River:<br \/>\nPrentice Hall, c2005. ISBN 0131918354.<\/li>\n<li>Tanenbaum, Andrew S.. Redes de computadores. S\u00e3o Paulo: Pearson Education do<br \/>\nBrasil, c2011. ISBN 9788576059240.<\/li>\n<li>Shannon, Claude Elwood; Weaver, Warren. The mathematical theory of<br \/>\ncommunication. Urbana, Ill.: The University of Illinois Press, c1949.<\/li>\n<\/ul>\n","protected":false},"excerpt":{"rendered":"<p>CMP631: T\u00f3picos Especiais em Computa\u00e7\u00e3o DCXXXI &#8211; Comunica\u00e7\u00e3o de Dados e Tecnologias de Redes Emergentes Cr\u00e9ditos: 4 Carga hor\u00e1ria: 60 h Matr\u00edcula de Graduandos: A matricula poder\u00e1 ser feita ou como Aluno Especial ou pela disciplina de c\u00f3digo INF01005 S\u00famula\/ementa: Teoria da informa\u00e7\u00e3o. Codifica\u00e7\u00e3o de fonte. Codifica\u00e7\u00e3o de canal. Modula\u00e7\u00e3o. Canal f\u00edsico. Multiplexa\u00e7\u00e3o. Acesso m\u00faltiplo. [&hellip;]<\/p>\n","protected":false},"author":10,"featured_media":0,"parent":462,"menu_order":0,"comment_status":"closed","ping_status":"closed","template":"","meta":[],"_links":{"self":[{"href":"https:\/\/www.inf.ufrgs.br\/profcomp\/wp-json\/wp\/v2\/pages\/7174"}],"collection":[{"href":"https:\/\/www.inf.ufrgs.br\/profcomp\/wp-json\/wp\/v2\/pages"}],"about":[{"href":"https:\/\/www.inf.ufrgs.br\/profcomp\/wp-json\/wp\/v2\/types\/page"}],"author":[{"embeddable":true,"href":"https:\/\/www.inf.ufrgs.br\/profcomp\/wp-json\/wp\/v2\/users\/10"}],"replies":[{"embeddable":true,"href":"https:\/\/www.inf.ufrgs.br\/profcomp\/wp-json\/wp\/v2\/comments?post=7174"}],"version-history":[{"count":5,"href":"https:\/\/www.inf.ufrgs.br\/profcomp\/wp-json\/wp\/v2\/pages\/7174\/revisions"}],"predecessor-version":[{"id":7180,"href":"https:\/\/www.inf.ufrgs.br\/profcomp\/wp-json\/wp\/v2\/pages\/7174\/revisions\/7180"}],"up":[{"embeddable":true,"href":"https:\/\/www.inf.ufrgs.br\/profcomp\/wp-json\/wp\/v2\/pages\/462"}],"wp:attachment":[{"href":"https:\/\/www.inf.ufrgs.br\/profcomp\/wp-json\/wp\/v2\/media?parent=7174"}],"curies":[{"name":"wp","href":"https:\/\/api.w.org\/{rel}","templated":true}]}}