{"id":719,"date":"2015-12-30T09:49:12","date_gmt":"2015-12-30T11:49:12","guid":{"rendered":"http:\/\/www.inf.ufrgs.br\/profcomp_wp\/?page_id=719"},"modified":"2016-05-12T15:59:32","modified_gmt":"2016-05-12T18:59:32","slug":"cmp187","status":"publish","type":"page","link":"https:\/\/www.inf.ufrgs.br\/profcomp\/lista-de-disciplinas\/cmp187\/","title":{"rendered":"CMP187"},"content":{"rendered":"<h3><strong>Mentes e m\u00e1quinas<\/strong><\/h3>\n<p><b>Respons\u00e1vel<\/b>: <a href=\"http:\/\/www.inf.ufrgs.br\/site\/docente\/dante-augusto-couto-barone\/\">Dante Barone<\/a><br \/>\n<b>Pr\u00e9-Requisitos<\/b>: &#8211;<br \/>\n<b>Carga Hor\u00e1ria<\/b>: 60 hs<br \/>\n<b>Cr\u00e9ditos<\/b>: 4<br \/>\n<b>Semestres Oferecidos<\/b>: Segundo semestre<br \/>\n<b>Matr\u00edcula de Graduandos<\/b>: A matricula dever\u00e1 ser feita como Aluno Especial<br \/>\n<b>P\u00e1gina da Disciplina<\/b>: &#8211;<\/p>\n<p><strong>S\u00daMULA<\/strong><\/p>\n<p align=\"justify\">&#8211; Discuss\u00e3o sobre Intelig\u00eancia e Intelig\u00eancia Artifical;<br \/>\n&#8211; Discuss\u00e3o sonre principais t\u00e9cnicas de Intelig\u00eancia Artifical;<br \/>\n&#8211; Taxonomias relacionadas \u00e0 Inteligencia Artificial;<br \/>\n&#8211; An\u00e1lise do desenvolvimento de sistemas computacionais inteligentes sob diferentes prismas:<br \/>\n&#8211; Filosofia da Mente<br \/>\n&#8211; Ci\u00eancias Cognitivas<br \/>\n&#8211; Psicologia<br \/>\n&#8211; Biologia<br \/>\n&#8211; Neuroci\u00eancias<br \/>\n&#8211; F\u00edsica<br \/>\n&#8211; Ci\u00eancia da Computa\u00e7\u00e3o<br \/>\n&#8211; An\u00e1lise do estado da arte em :<br \/>\n&#8211; Neuroci\u00eancia Computacional<br \/>\n&#8211; Neuroci\u00eancia Cognitiva.<\/p>\n<p><strong>OBJETIVOS<\/strong><\/p>\n<p align=\"justify\">Analisar dentro da Ci\u00eancia da Computa\u00e7\u00e3o a exequibilidade da chamada Intelig\u00eancia Artificial Forte, na qual as m\u00e1quinas s\u00e3o consideradas efetivamente &#8220;inteligentes&#8221; atrav\u00e9s do aporte interdiciplinar de v\u00e1rias \u00e1reas do conhecimento como a pr\u00f3pria Ci\u00eancia da Computa\u00e7\u00e3o, Psicologia, Filosofia, Biologia, F\u00edsica e outras.<br \/>\nEnfoques transdisciplinares envolvendo os campos da Cibern\u00e9tica, Ci\u00eancia Cognitiva e Neuroci\u00eancia tamb\u00e9m ser\u00e3o utilizados.<\/p>\n<p><strong>PROGRAMA<\/strong><strong>CRIT\u00c9RIOS DE AVALIA\u00c7\u00c3O<\/strong><strong>BIBLIOGRAFIA<\/strong><\/p>\n<p align=\"justify\">&#8211; BARONE, D.A.C. e colaboradores. Sociedades Artificiais: A nova fronteira da Intelig\u00eancia nas M\u00e1quinas, Porto Alegre, Editora Bookman,2003,332p.<br \/>\n&#8211; BROOKS, R.A. &#8211; Flesh and Machines: How Robots will change Us New York, Vintage Books, 2002, 260p<br \/>\n&#8211; NILSSON, N.J. Artificial Intelligence: A new synthesis, San Francisco, USA, Morgan Kaufmann Publishers, 1998, 513p<br \/>\n&#8211; FACELI, K.et al. Intelig\u00eancia Artificial: Uma abordagem de aprendizado de Maquina, Rio de Janeiro, Editora LTC, 2011, 378p<br \/>\n&#8211; CHOMSKY, N., Novos Horizontes no Estudo da Linguagem e da Mente, S\u00e3o Paulo, Editora UNESP, 2002, 364p<br \/>\n&#8211; SEARLE, J.R., O Mist\u00e9rio da Consci\u00eancia, S\u00e3o Paulo, Editora Paz e Terra S.A. 1998, 234p<br \/>\n&#8211; TEIXEIRA, J.F., Mentes e M\u00e1quinas: Uma Introdu\u00e7\u00e3o \u00e0 Ci\u00eancia Cognitiva, Porto Alegre, Ed. Artes M\u00e9dicas, 1998, 179p<br \/>\n&#8211; ELDREDGE, N., The Pattern of Evolution, New York, W.H. Freeman and Company, 2000, 219p<br \/>\n&#8211; DENNETT, D., Darwin&#8217;s Dangerous Idea: Evolution and the Meanings of Life, New York, Touchstone, 1995, 587p<br \/>\n&#8211; SHROEDER, G.L., The Hidden Force of God : Science Revearls the Ultimate Truth, New York, Touchstone, 2002, 224p<br \/>\n-DAVIES, P., O Enigma do Tempo: A revolu\u00e7\u00e3o iniciada por Einstein, Rio de Janeiro, Ed. Ediouro, 1995, 413p<br \/>\n&#8211; TIM JONES, M., Artificial Intelligence: A systems approach, Hingham, USA, Infinity Science Press, 2008, 498p<br \/>\n&#8211; DEACON, T.W., The Symbolic Species: The evoluttion of Language and the Brain, New York, W.W.North &amp; Company, 1997, 527p<br \/>\n&#8211; MATURANA, H., A Ontologia da Realidade, Belo Horizonte, Editora UFMG, 2001, 350p<br \/>\n&#8211; HAWKING,S &amp; PENROSE, R., The Nature of Space and Time, Princeton, USA, Princeton University Press, 2000, 141p<br \/>\n&#8211; DAMASIO, A., The Feeling of What Happens: Body and Emotion in the Making of Consciousness, San Diego, USA, 1999, 385p<br \/>\n&#8211; PENROSE, R., Shadows of the Mind; A Search for the Missing Science of Consciousness, New York, Oxford University Press, 1994, 457p<\/p>\n","protected":false},"excerpt":{"rendered":"<p>Mentes e m\u00e1quinas Respons\u00e1vel: Dante Barone Pr\u00e9-Requisitos: &#8211; Carga Hor\u00e1ria: 60 hs Cr\u00e9ditos: 4 Semestres Oferecidos: Segundo semestre Matr\u00edcula de Graduandos: A matricula dever\u00e1 ser feita como Aluno Especial P\u00e1gina da Disciplina: &#8211; S\u00daMULA &#8211; Discuss\u00e3o sobre Intelig\u00eancia e Intelig\u00eancia Artifical; &#8211; Discuss\u00e3o sonre principais t\u00e9cnicas de Intelig\u00eancia Artifical; &#8211; Taxonomias relacionadas \u00e0 Inteligencia Artificial; [&hellip;]<\/p>\n","protected":false},"author":1,"featured_media":0,"parent":462,"menu_order":187,"comment_status":"closed","ping_status":"closed","template":"","meta":[],"_links":{"self":[{"href":"https:\/\/www.inf.ufrgs.br\/profcomp\/wp-json\/wp\/v2\/pages\/719"}],"collection":[{"href":"https:\/\/www.inf.ufrgs.br\/profcomp\/wp-json\/wp\/v2\/pages"}],"about":[{"href":"https:\/\/www.inf.ufrgs.br\/profcomp\/wp-json\/wp\/v2\/types\/page"}],"author":[{"embeddable":true,"href":"https:\/\/www.inf.ufrgs.br\/profcomp\/wp-json\/wp\/v2\/users\/1"}],"replies":[{"embeddable":true,"href":"https:\/\/www.inf.ufrgs.br\/profcomp\/wp-json\/wp\/v2\/comments?post=719"}],"version-history":[{"count":4,"href":"https:\/\/www.inf.ufrgs.br\/profcomp\/wp-json\/wp\/v2\/pages\/719\/revisions"}],"predecessor-version":[{"id":2487,"href":"https:\/\/www.inf.ufrgs.br\/profcomp\/wp-json\/wp\/v2\/pages\/719\/revisions\/2487"}],"up":[{"embeddable":true,"href":"https:\/\/www.inf.ufrgs.br\/profcomp\/wp-json\/wp\/v2\/pages\/462"}],"wp:attachment":[{"href":"https:\/\/www.inf.ufrgs.br\/profcomp\/wp-json\/wp\/v2\/media?parent=719"}],"curies":[{"name":"wp","href":"https:\/\/api.w.org\/{rel}","templated":true}]}}