{"id":727,"date":"2015-12-30T09:51:38","date_gmt":"2015-12-30T11:51:38","guid":{"rendered":"http:\/\/www.inf.ufrgs.br\/profcomp_wp\/?page_id=727"},"modified":"2017-08-06T21:53:20","modified_gmt":"2017-08-07T00:53:20","slug":"cmp119","status":"publish","type":"page","link":"https:\/\/www.inf.ufrgs.br\/profcomp\/lista-de-disciplinas\/cmp119\/","title":{"rendered":"CMP119"},"content":{"rendered":"<h3><strong>Projeto de um Sistema VLSI<\/strong><\/h3>\n<p><b>Respons\u00e1vel<\/b>: <a href=\"http:\/\/www.inf.ufrgs.br\/site\/docente\/sergio-bampi\/\">Sergio Bampi<\/a><br \/>\n<b>Pr\u00e9-Requisitos<\/b>: &#8211;<br \/>\n<b>Carga Hor\u00e1ria<\/b>: 60 hs<br \/>\n<b>Cr\u00e9ditos<\/b>: 4<br \/>\n<b>Semestres Oferecidos<\/b>: Segundo semestre<br \/>\n<b>Matr\u00edcula de Graduandos<\/b>: A matricula dever\u00e1 ser feita como Aluno Especial<br \/>\n<b>P\u00e1gina da Disciplina<\/b>: &#8211;<\/p>\n<p><strong>S\u00daMULA<\/strong><\/p>\n<p align=\"justify\">Introdu\u00e7\u00e3o do projeto, Defini\u00e7\u00e3o do sistema a ser implementado, Especifica\u00e7\u00e3o do sistema, Escolha da organiza\u00e7\u00e3o e arquitetura interna, Decomposi\u00e7\u00e3o em blocos funcionais e planejamento da planta baixa, Simula\u00e7\u00e3o funcional, l\u00f3gica e el\u00e9trica, Implementa\u00e7\u00e3o do leiaute, Especifica\u00e7\u00e3o dos procedimentos de teste, Submiss\u00e3o do projeto \u00e0 fabrica\u00e7\u00e3o.<\/p>\n<p><strong>OBJETIVOS<\/strong><\/p>\n<p align=\"justify\">Realizar o projeto de um sistema integrado com t\u00e9cnicas VLSI, desde a etapa de especifica\u00e7\u00e3o funcional at\u00e9 a implementa\u00e7\u00e3o de leiaute do(s) chip(s). A \u00eanfase do trabalho \u00e9 o exerc\u00edcio efetivo de um m\u00e9todo de projeto, utilizando ferramentas computacionais de apoio \u00e0 especifica\u00e7\u00e3o, simula\u00e7\u00e3o, implementa\u00e7\u00e3o e verifica\u00e7\u00e3o de sistemas integrados.<\/p>\n<p><strong>BIBLIOGRAFIA<\/strong><\/p>\n<p align=\"justify\">\u2022 WESTE, N., ESHRAGHIAN K. Principles of CMOS VLSI Design. Addison-Wesley, 1988.<br \/>\n\u2022 GLASSER, L., DOBBERPUHL, D. The Design and Analysis of VLSI Circuits. Addison-Wesley, 1985.<br \/>\n\u2022 DILLINGER, T. E. VLSI Engineering. Prentice Hall, 1988<br \/>\n\u2022 TSIVIDIS, Y. VLSI for Telecommunications.<br \/>\n\u2022 Artigos de revistas e de anais de congressos.<\/p>\n","protected":false},"excerpt":{"rendered":"<p>Projeto de um Sistema VLSI Respons\u00e1vel: Sergio Bampi Pr\u00e9-Requisitos: &#8211; Carga Hor\u00e1ria: 60 hs Cr\u00e9ditos: 4 Semestres Oferecidos: Segundo semestre Matr\u00edcula de Graduandos: A matricula dever\u00e1 ser feita como Aluno Especial P\u00e1gina da Disciplina: &#8211; S\u00daMULA Introdu\u00e7\u00e3o do projeto, Defini\u00e7\u00e3o do sistema a ser implementado, Especifica\u00e7\u00e3o do sistema, Escolha da organiza\u00e7\u00e3o e arquitetura interna, Decomposi\u00e7\u00e3o [&hellip;]<\/p>\n","protected":false},"author":1,"featured_media":0,"parent":462,"menu_order":119,"comment_status":"closed","ping_status":"closed","template":"","meta":[],"_links":{"self":[{"href":"https:\/\/www.inf.ufrgs.br\/profcomp\/wp-json\/wp\/v2\/pages\/727"}],"collection":[{"href":"https:\/\/www.inf.ufrgs.br\/profcomp\/wp-json\/wp\/v2\/pages"}],"about":[{"href":"https:\/\/www.inf.ufrgs.br\/profcomp\/wp-json\/wp\/v2\/types\/page"}],"author":[{"embeddable":true,"href":"https:\/\/www.inf.ufrgs.br\/profcomp\/wp-json\/wp\/v2\/users\/1"}],"replies":[{"embeddable":true,"href":"https:\/\/www.inf.ufrgs.br\/profcomp\/wp-json\/wp\/v2\/comments?post=727"}],"version-history":[{"count":4,"href":"https:\/\/www.inf.ufrgs.br\/profcomp\/wp-json\/wp\/v2\/pages\/727\/revisions"}],"predecessor-version":[{"id":3328,"href":"https:\/\/www.inf.ufrgs.br\/profcomp\/wp-json\/wp\/v2\/pages\/727\/revisions\/3328"}],"up":[{"embeddable":true,"href":"https:\/\/www.inf.ufrgs.br\/profcomp\/wp-json\/wp\/v2\/pages\/462"}],"wp:attachment":[{"href":"https:\/\/www.inf.ufrgs.br\/profcomp\/wp-json\/wp\/v2\/media?parent=727"}],"curies":[{"name":"wp","href":"https:\/\/api.w.org\/{rel}","templated":true}]}}