{"id":729,"date":"2015-12-30T09:52:10","date_gmt":"2015-12-30T11:52:10","guid":{"rendered":"http:\/\/www.inf.ufrgs.br\/profcomp_wp\/?page_id=729"},"modified":"2016-05-12T15:57:32","modified_gmt":"2016-05-12T18:57:32","slug":"cmp147","status":"publish","type":"page","link":"https:\/\/www.inf.ufrgs.br\/profcomp\/lista-de-disciplinas\/cmp147\/","title":{"rendered":"CMP147"},"content":{"rendered":"<h3><strong>Redes de Computadores II<\/strong><\/h3>\n<p><b>Respons\u00e1vel<\/b>: <a href=\"http:\/\/www.inf.ufrgs.br\/site\/docente\/luciano-paschoal-gaspary\/\">Luciano Paschoal Gaspary<\/a><br \/>\n<b>Pr\u00e9-Requisitos<\/b>: CMP182<br \/>\n<b>Carga Hor\u00e1ria<\/b>: 60 hs<br \/>\n<b>Cr\u00e9ditos<\/b>: 4<br \/>\n<b>Semestres Oferecidos<\/b>: Segundo semestre<br \/>\n<b>Matr\u00edcula de Graduandos<\/b>: A matricula dever\u00e1 ser feita como Aluno Especial<br \/>\n<b>P\u00e1gina da Disciplina<\/b>: <a href=\"http:\/\/moodle.inf.ufrgs.br\/course\/view.php?id=313\" target=\"_blank\">http:\/\/moodle.inf.ufrgs.br\/course\/view.php?id=313<\/a><\/p>\n<p><strong>S\u00daMULA<\/strong><\/p>\n<p align=\"justify\">Avalia\u00e7\u00e3o de desempenho de sistemas em rede; t\u00e9cnicas de modelagem e avalia\u00e7\u00e3o anal\u00edticas e experimentais.<\/p>\n<p><strong>OBJETIVOS<\/strong><\/p>\n<p align=\"justify\">Apresentar ao aluno fundamentos, conceitos e t\u00e9cnicas para avalia\u00e7\u00e3o de desempenho de sistemas em rede, com \u00eanfase em abordagens anal\u00edticas e experimentais.<\/p>\n<p><strong>PROGRAMA<\/strong><\/p>\n<p align=\"justify\">\u2022 Sele\u00e7\u00e3o de t\u00e9cnicas e m\u00e9tricas; tipos de cargas de trabalho; e sele\u00e7\u00e3o de cargas de trabalho<br \/>\n\u2022 T\u00e9cnicas de caracteriza\u00e7\u00e3o de cargas de trabalho<br \/>\n\u2022 Apresenta\u00e7\u00e3o de dados e ratio games<br \/>\n\u2022 Sumariza\u00e7\u00e3o de dados coletados<br \/>\n\u2022 Compara\u00e7\u00e3o de sistemas usando dados amostrados<br \/>\n\u2022 Modelos de regress\u00e3o<br \/>\n\u2022 Projeto experimental (2k, 2kr, 2k-p)<br \/>\n\u2022 Modelagem e resolu\u00e7\u00e3o de rede de filas<\/p>\n<p><strong>CRIT\u00c9RIOS DE AVALIA\u00c7\u00c3O<\/strong><\/p>\n<p align=\"justify\">A avalia\u00e7\u00e3o \u00e9 realizada por meio de um conjunto de trabalhos, alguns dos quais s\u00e3o conduzidos em sala de aula, enquanto outros s\u00e3o desenvolvidos extraclasse e, posteriormente, apresentados em aula.<\/p>\n<p><strong>BIBLIOGRAFIA<\/strong><\/p>\n<p align=\"justify\">\u2022 JAIN, R. The Art of Computer Systems Performance Analysis: Techniques for Experimental Design, Measurement, Simulation, and Modeling. Wiley- Interscience, April 1991.<br \/>\n\u2022 MENASCE, D. A.; ALMEIDA, V. A. F.; DOWDY, L. W. Performance by Design: Computer Capacity Planning by Example. Prentice Hall, 2004.<br \/>\n\u2022 Artigos cient\u00edficos publicados nas principais confer\u00eancias e peri\u00f3dicos da \u00e1rea de redes.<\/p>\n","protected":false},"excerpt":{"rendered":"<p>Redes de Computadores II Respons\u00e1vel: Luciano Paschoal Gaspary Pr\u00e9-Requisitos: CMP182 Carga Hor\u00e1ria: 60 hs Cr\u00e9ditos: 4 Semestres Oferecidos: Segundo semestre Matr\u00edcula de Graduandos: A matricula dever\u00e1 ser feita como Aluno Especial P\u00e1gina da Disciplina: http:\/\/moodle.inf.ufrgs.br\/course\/view.php?id=313 S\u00daMULA Avalia\u00e7\u00e3o de desempenho de sistemas em rede; t\u00e9cnicas de modelagem e avalia\u00e7\u00e3o anal\u00edticas e experimentais. OBJETIVOS Apresentar ao aluno [&hellip;]<\/p>\n","protected":false},"author":1,"featured_media":0,"parent":462,"menu_order":147,"comment_status":"closed","ping_status":"closed","template":"","meta":[],"_links":{"self":[{"href":"https:\/\/www.inf.ufrgs.br\/profcomp\/wp-json\/wp\/v2\/pages\/729"}],"collection":[{"href":"https:\/\/www.inf.ufrgs.br\/profcomp\/wp-json\/wp\/v2\/pages"}],"about":[{"href":"https:\/\/www.inf.ufrgs.br\/profcomp\/wp-json\/wp\/v2\/types\/page"}],"author":[{"embeddable":true,"href":"https:\/\/www.inf.ufrgs.br\/profcomp\/wp-json\/wp\/v2\/users\/1"}],"replies":[{"embeddable":true,"href":"https:\/\/www.inf.ufrgs.br\/profcomp\/wp-json\/wp\/v2\/comments?post=729"}],"version-history":[{"count":4,"href":"https:\/\/www.inf.ufrgs.br\/profcomp\/wp-json\/wp\/v2\/pages\/729\/revisions"}],"predecessor-version":[{"id":2481,"href":"https:\/\/www.inf.ufrgs.br\/profcomp\/wp-json\/wp\/v2\/pages\/729\/revisions\/2481"}],"up":[{"embeddable":true,"href":"https:\/\/www.inf.ufrgs.br\/profcomp\/wp-json\/wp\/v2\/pages\/462"}],"wp:attachment":[{"href":"https:\/\/www.inf.ufrgs.br\/profcomp\/wp-json\/wp\/v2\/media?parent=729"}],"curies":[{"name":"wp","href":"https:\/\/api.w.org\/{rel}","templated":true}]}}