{"id":73,"date":"2015-12-18T14:12:51","date_gmt":"2015-12-18T16:12:51","guid":{"rendered":"http:\/\/www.inf.ufrgs.br\/profcomp_wp\/?page_id=73"},"modified":"2025-09-19T11:01:47","modified_gmt":"2025-09-19T14:01:47","slug":"calendario","status":"publish","type":"page","link":"https:\/\/www.inf.ufrgs.br\/profcomp\/calendario\/","title":{"rendered":"Calend\u00e1rio"},"content":{"rendered":"<div id=\"calendario2024\">\n<p style=\"text-align: right;\">\n<\/div>\n<h2 style=\"text-align: center;\"><strong>CALEND\u00c1RIO PPGC 2025<\/strong><\/h2>\n<h3 style=\"text-align: center;\"><span dir=\"ltr\" role=\"presentation\">PER\u00cdODO LETIVO 2025\/1<\/span><\/h3>\n<table class=\"table-border-1px-gray\" style=\"width: 721px;\">\n<tbody>\n<tr style=\"height: 96px;\">\n<td style=\"height: 96px; text-align: left; width: 129.781px;\">24\/02\/2025 a 28\/02\/2025<\/td>\n<td style=\"height: 96px; text-align: left; width: 574.219px;\">Matr\u00edcula online pelo Portal do Aluno para alunos regulares do PPGC e alunos de outros programas de p\u00f3s-gradua\u00e7\u00e3o da UFRGS<\/td>\n<\/tr>\n<tr style=\"height: 24px;\">\n<td style=\"height: 24px; text-align: left; width: 129.781px;\">10\/03\/2025<\/td>\n<td style=\"height: 24px; text-align: left; width: 574.219px;\">In\u00edcio das Aulas do Per\u00edodo Letivo 2025\/1<\/td>\n<\/tr>\n<tr style=\"height: 48px;\">\n<td style=\"height: 48px; text-align: left; width: 129.781px;\">14\/03\/2025<\/td>\n<td style=\"height: 48px; text-align: left; width: 574.219px;\">Recep\u00e7\u00e3o aos novos alunos do PPGC<\/td>\n<\/tr>\n<tr style=\"height: 72px;\">\n<td style=\"height: 72px; text-align: left; width: 129.781px;\">25\/03\/2025<\/td>\n<td style=\"height: 72px; text-align: left; width: 574.219px;\">Data limite para:<em> (i)<\/em> submiss\u00e3o online dos Planos de Curso para novos alunos de mestrado; <em>(ii)<\/em> submiss\u00e3o da Proposta de Atividade Did\u00e1tica (para bolsistas), no Portal do Aluno\/UFRGS<\/td>\n<\/tr>\n<tr style=\"height: 24.8667px;\">\n<td style=\"height: 24.8667px; text-align: left; width: 129.781px;\">10\/04\/2025<\/td>\n<td style=\"height: 24.8667px; text-align: left; width: 574.219px;\">Data limite para entrega, na Secretaria, de pedidos de cancelamento<br \/>\nde matr\u00edcula.<\/td>\n<\/tr>\n<tr style=\"height: 24.8667px;\">\n<td style=\"height: 24.8667px; text-align: left; width: 129.781px;\">04\/07\/2025<\/td>\n<td style=\"height: 24.8667px; text-align: left; width: 574.219px;\">Reuni\u00e3o do Conselho do PPGC.<\/td>\n<\/tr>\n<tr style=\"height: 24px;\">\n<td style=\"height: 24px; text-align: left; width: 129.781px;\">15\/07\/2025<\/td>\n<td style=\"height: 24px; text-align: left; width: 574.219px;\">Exame de Qualifica\u00e7\u00e3o em Abrang\u00eancia 2025\/1<\/td>\n<\/tr>\n<tr style=\"height: 48px;\">\n<td style=\"height: 48px; text-align: left; width: 129.781px;\">19\/07\/2025<\/td>\n<td style=\"height: 48px; text-align: left; width: 574.219px;\">T\u00e9rmino das Atividades do Per\u00edodo Letivo 2025\/1<\/td>\n<\/tr>\n<tr style=\"height: 96px;\">\n<td style=\"height: 96px; width: 129.781px;\">21\/07\/2025 <i>at\u00e9 \u00e0s 22h<\/i><\/td>\n<td style=\"height: 96px; width: 574.219px;\">Data limite para apropria\u00e7\u00e3o dos conceitos pela internet.<\/td>\n<\/tr>\n<\/tbody>\n<\/table>\n<h3 style=\"text-align: center;\"><span dir=\"ltr\" role=\"presentation\">PER\u00cdODO LETIVO 2025\/2<\/span><\/h3>\n<p>&nbsp;<\/p>\n<table class=\"table-border-1px-gray\">\n<tbody>\n<tr style=\"height: 47px;\">\n<td style=\"text-align: left; height: 47px;\">31\/07\/2025 a 03\/08\/2025<\/td>\n<td style=\"text-align: left; height: 47px;\">Matr\u00edcula online pelo Portal do Aluno para alunos regulares do PPGC e alunos de outros programas de p\u00f3s-gradua\u00e7\u00e3o da UFRGS;<\/td>\n<\/tr>\n<tr style=\"height: 23px;\">\n<td style=\"text-align: left; height: 23px;\">11\/08\/2025<\/td>\n<td style=\"text-align: left; height: 23px;\">In\u00edcio das Aulas do Per\u00edodo Letivo 2025\/2.<\/td>\n<\/tr>\n<tr style=\"height: 23px;\">\n<td style=\"text-align: left; height: 23px;\">15\/08\/2025<\/td>\n<td style=\"text-align: left; height: 23px;\">Recep\u00e7\u00e3o aos novos alunos do PPGC<\/td>\n<\/tr>\n<tr style=\"height: 47px;\">\n<td style=\"text-align: left; height: 47px;\">26\/08\/2025<\/td>\n<td style=\"text-align: left; height: 47px;\">Data limite para:<em> (i)<\/em> submiss\u00e3o online dos Planos de Curso para novos alunos de mestrado; <em>(ii)<\/em> submiss\u00e3o da Proposta de Atividade Did\u00e1tica (para bolsistas), no Portal do Aluno\/UFRGS<\/td>\n<\/tr>\n<tr style=\"height: 47px;\">\n<td style=\"text-align: left; height: 47px;\">11\/09\/2025<\/td>\n<td style=\"text-align: left; height: 47px;\">Data limite para entrega dos pedidos de cancelamento de matr\u00edcula.<\/td>\n<\/tr>\n<tr style=\"height: 47px;\">\n<td style=\"text-align: left; height: 47px;\">05\/12\/2025<\/td>\n<td style=\"text-align: left; height: 47px;\">Reuni\u00e3o do Conselho do PPGC.<\/td>\n<\/tr>\n<tr style=\"height: 23.7755px;\">\n<td style=\"text-align: left; height: 23.7755px;\">12\/12\/2025<\/td>\n<td style=\"text-align: left; height: 23.7755px;\">Exame de Qualifica\u00e7\u00e3o em Abrang\u00eancia 2025\/2.<\/td>\n<\/tr>\n<tr style=\"height: 23px;\">\n<td style=\"text-align: left; height: 23px;\">20\/12\/2025<\/td>\n<td style=\"text-align: left; height: 23px;\">T\u00e9rmino das Atividades do Per\u00edodo Letivo 2025\/2.<\/td>\n<\/tr>\n<tr style=\"height: 47px;\">\n<td style=\"text-align: left; height: 47px;\">22\/12\/2025 <em>at\u00e9 \u00e0s 22h<\/em><\/td>\n<td style=\"text-align: left; height: 47px;\">Data limite para apropria\u00e7\u00e3o dos conceitos pela internet.<\/td>\n<\/tr>\n<\/tbody>\n<\/table>\n<p style=\"text-align: right;\"><strong><br \/>\n<a href=\"http:\/\/www.inf.ufrgs.br\/profcomp\/wp-content\/uploads\/2025\/06\/Calendario_2025-PPGC-NOVA-ATUALIZACAO.pdf\">BAIXAR CALEND\u00c1RIO PPGC 2025 em PDF<\/a><br \/>\n<\/strong><\/p>\n","protected":false},"excerpt":{"rendered":"<p>CALEND\u00c1RIO PPGC 2025 PER\u00cdODO LETIVO 2025\/1 24\/02\/2025 a 28\/02\/2025 Matr\u00edcula online pelo Portal do Aluno para alunos regulares do PPGC e alunos de outros programas de p\u00f3s-gradua\u00e7\u00e3o da UFRGS 10\/03\/2025 In\u00edcio das Aulas do Per\u00edodo Letivo 2025\/1 14\/03\/2025 Recep\u00e7\u00e3o aos novos alunos do PPGC 25\/03\/2025 Data limite para: (i) submiss\u00e3o online dos Planos de Curso [&hellip;]<\/p>\n","protected":false},"author":1,"featured_media":0,"parent":0,"menu_order":0,"comment_status":"closed","ping_status":"closed","template":"","meta":[],"_links":{"self":[{"href":"https:\/\/www.inf.ufrgs.br\/profcomp\/wp-json\/wp\/v2\/pages\/73"}],"collection":[{"href":"https:\/\/www.inf.ufrgs.br\/profcomp\/wp-json\/wp\/v2\/pages"}],"about":[{"href":"https:\/\/www.inf.ufrgs.br\/profcomp\/wp-json\/wp\/v2\/types\/page"}],"author":[{"embeddable":true,"href":"https:\/\/www.inf.ufrgs.br\/profcomp\/wp-json\/wp\/v2\/users\/1"}],"replies":[{"embeddable":true,"href":"https:\/\/www.inf.ufrgs.br\/profcomp\/wp-json\/wp\/v2\/comments?post=73"}],"version-history":[{"count":78,"href":"https:\/\/www.inf.ufrgs.br\/profcomp\/wp-json\/wp\/v2\/pages\/73\/revisions"}],"predecessor-version":[{"id":7210,"href":"https:\/\/www.inf.ufrgs.br\/profcomp\/wp-json\/wp\/v2\/pages\/73\/revisions\/7210"}],"wp:attachment":[{"href":"https:\/\/www.inf.ufrgs.br\/profcomp\/wp-json\/wp\/v2\/media?parent=73"}],"curies":[{"name":"wp","href":"https:\/\/api.w.org\/{rel}","templated":true}]}}