{"id":735,"date":"2015-12-30T09:54:25","date_gmt":"2015-12-30T11:54:25","guid":{"rendered":"http:\/\/www.inf.ufrgs.br\/profcomp_wp\/?page_id=735"},"modified":"2016-05-12T15:55:48","modified_gmt":"2016-05-12T18:55:48","slug":"cmp242","status":"publish","type":"page","link":"https:\/\/www.inf.ufrgs.br\/profcomp\/lista-de-disciplinas\/cmp242\/","title":{"rendered":"CMP242"},"content":{"rendered":"<h3><strong>Sistemas Tutores Inteligentes<\/strong><\/h3>\n<p><b>Respons\u00e1vel<\/b>: <a href=\"http:\/\/www.inf.ufrgs.br\/site\/docente\/rosa-maria-viccari\/\">Rosa Vicari<\/a><br \/>\n<b>Pr\u00e9-Requisitos<\/b>: &#8211;<br \/>\n<b>Carga Hor\u00e1ria<\/b>: 30 hs<br \/>\n<b>Cr\u00e9ditos<\/b>: 3<br \/>\n<b>Semestres Oferecidos<\/b>: Segundo semestre<br \/>\n<b>Matr\u00edcula de Graduandos<\/b>: A matricula dever\u00e1 ser feita como Aluno Especial<br \/>\n<b>P\u00e1gina da Disciplina<\/b>: &#8211;<\/p>\n<p><strong>S\u00daMULA<\/strong><\/p>\n<p align=\"justify\">Apresentar algumas dos modelos l\u00f3gicos utilizadas para especificar e implementar sistemas de Intelig\u00eancia Artificial Simb\u00f3lica, em particular, sistemas modelados sob a perspectiva de agentes, tais como l\u00f3gica para conhecimentos e cren\u00e7as;<br \/>\nApresentar a teoria da intencionalidade e l\u00f3gicas n\u00e3o monot\u00f4nicas baseadas na intecionalidade;<br \/>\n&#8211; Apresentar exemplos pr\u00e1ticos motivacionais.<br \/>\n&#8211; Discutir t\u00f3picos atuais sobre a IA, seus limites e avan\u00e7os principalmente no que toca a sua aplica\u00e7\u00e3o em sistemas de Ensino Aprendizagem.<br \/>\n&#8211; Apresentar os projetos do Grupo, em andamento como OBAA e FEB<br \/>\n&#8211; Detalhar projetos com os alunos<\/p>\n<p><strong>OBJETIVOS<\/strong><\/p>\n<p align=\"justify\">a Ci\u00eancia da Computa\u00e7\u00e3o tamb\u00e9m trata do desenvolvimento de teorias formais para especificar e para possibilitar a implementa\u00e7\u00e3o de sistemas computacionais. Muitos formalismos s\u00e3o desenvolvidos pela comunidade de ci\u00eancia da Computa\u00e7\u00e3o para este fim. O mesmo acontece com a comunidade de intelig\u00eancia Artificial. Nesta disciplina olharemos para alguns destes formalismos l\u00f3gicos que foram desenvolvidos para especificar e implementar sistemas Inteligentes de Ensino Aprendizagem.<\/p>\n<p><strong>PROGRAMA<\/strong><\/p>\n<p align=\"justify\">1- Revis\u00e3o geral dos princ\u00edpios da Intelig\u00eancia Artificial Simb\u00f3lica<br \/>\n2- Compara\u00e7\u00e3o entre a IA simb\u00f3lica e as demais linhas de pesquisa da disciplina<br \/>\n3- Estudo dos Limites e Avan\u00e7os da IA nos \u00daltimos anos<br \/>\n4- Estudo dos principais paradigmas l\u00f3gicos e sua aplica\u00e7\u00f5es em sistemas de ensino aprendizagem<br \/>\n5- Aplica\u00e7\u00f5es voltadas para sistemas inteligentes de Ensino Aprendizagem<br \/>\n6- Discuss\u00e3o das aplica\u00e7\u00f5es selecionadas para estudo<br \/>\n7- Sele\u00e7\u00e3o de artigos a serem estudados e apresentados pelos alunos<br \/>\n8- Elabora\u00e7\u00e3o de um pr\u00e9 projeto de como a IA poder\u00e1 ajudar no desenvolvimento do trabalho de cada aluno<\/p>\n<p><strong>CRIT\u00c9RIOS DE AVALIA\u00c7\u00c3O<\/strong><\/p>\n<p align=\"justify\">Apresenta\u00e7\u00e3o de trabalho<\/p>\n<p><strong>BIBLIOGRAFIA<\/strong><\/p>\n<p align=\"justify\">An Introduction to MultiAngent Systems, Michael Wooldridge, John Wiley &amp; Sons, LTD, 2001<br \/>\nUnified Theories of Cognition, Allen Newell, Harvard, 1987.<br \/>\nProgramming Multi-agent sytens in AgentSpeak usig Jason, Rafael Bordini at all, Wiley, 2007<\/p>\n","protected":false},"excerpt":{"rendered":"<p>Sistemas Tutores Inteligentes Respons\u00e1vel: Rosa Vicari Pr\u00e9-Requisitos: &#8211; Carga Hor\u00e1ria: 30 hs Cr\u00e9ditos: 3 Semestres Oferecidos: Segundo semestre Matr\u00edcula de Graduandos: A matricula dever\u00e1 ser feita como Aluno Especial P\u00e1gina da Disciplina: &#8211; S\u00daMULA Apresentar algumas dos modelos l\u00f3gicos utilizadas para especificar e implementar sistemas de Intelig\u00eancia Artificial Simb\u00f3lica, em particular, sistemas modelados sob a [&hellip;]<\/p>\n","protected":false},"author":1,"featured_media":0,"parent":462,"menu_order":242,"comment_status":"closed","ping_status":"closed","template":"","meta":[],"_links":{"self":[{"href":"https:\/\/www.inf.ufrgs.br\/profcomp\/wp-json\/wp\/v2\/pages\/735"}],"collection":[{"href":"https:\/\/www.inf.ufrgs.br\/profcomp\/wp-json\/wp\/v2\/pages"}],"about":[{"href":"https:\/\/www.inf.ufrgs.br\/profcomp\/wp-json\/wp\/v2\/types\/page"}],"author":[{"embeddable":true,"href":"https:\/\/www.inf.ufrgs.br\/profcomp\/wp-json\/wp\/v2\/users\/1"}],"replies":[{"embeddable":true,"href":"https:\/\/www.inf.ufrgs.br\/profcomp\/wp-json\/wp\/v2\/comments?post=735"}],"version-history":[{"count":3,"href":"https:\/\/www.inf.ufrgs.br\/profcomp\/wp-json\/wp\/v2\/pages\/735\/revisions"}],"predecessor-version":[{"id":2477,"href":"https:\/\/www.inf.ufrgs.br\/profcomp\/wp-json\/wp\/v2\/pages\/735\/revisions\/2477"}],"up":[{"embeddable":true,"href":"https:\/\/www.inf.ufrgs.br\/profcomp\/wp-json\/wp\/v2\/pages\/462"}],"wp:attachment":[{"href":"https:\/\/www.inf.ufrgs.br\/profcomp\/wp-json\/wp\/v2\/media?parent=735"}],"curies":[{"name":"wp","href":"https:\/\/api.w.org\/{rel}","templated":true}]}}