{"id":7438,"date":"2025-09-17T12:37:35","date_gmt":"2025-09-17T15:37:35","guid":{"rendered":"https:\/\/www.inf.ufrgs.br\/profcomp\/?page_id=7438"},"modified":"2025-10-20T15:43:30","modified_gmt":"2025-10-20T18:43:30","slug":"ingresso","status":"publish","type":"page","link":"https:\/\/www.inf.ufrgs.br\/profcomp\/ingresso\/","title":{"rendered":"Ingresso"},"content":{"rendered":"<p>O Edital de Sele\u00e7\u00e3o para ingresso em 2026 no Mestrado Profissional em Ensino de Computa\u00e7\u00e3o em Rede Nacional (PROFCOMP 2026) acaba de ser lan\u00e7ado pela SBC.<\/p>\n<p>Uma oportunidade \u00fanica para professores da rede p\u00fablica da Educa\u00e7\u00e3o B\u00e1sica que desejam aprofundar seus conhecimentos e fortalecer o ensino de Computa\u00e7\u00e3o em todo o Brasil.<\/p>\n<p>S\u00e3o 320 vagas em institui\u00e7\u00f5es de todo o Brasil.<\/p>\n<p>As inscri\u00e7\u00f5es ficam abertas de 1\u00ba a 31 de outubro de 2025, com prova online aplicada pela Fundatec.<\/p>\n","protected":false},"excerpt":{"rendered":"<p>O Edital de Sele\u00e7\u00e3o para ingresso em 2026 no Mestrado Profissional em Ensino de Computa\u00e7\u00e3o em Rede Nacional (PROFCOMP 2026) acaba de ser lan\u00e7ado pela SBC. Uma oportunidade \u00fanica para professores da rede p\u00fablica da Educa\u00e7\u00e3o B\u00e1sica que desejam aprofundar seus conhecimentos e fortalecer o ensino de Computa\u00e7\u00e3o em todo o Brasil. S\u00e3o 320 vagas [&hellip;]<\/p>\n","protected":false},"author":10,"featured_media":0,"parent":0,"menu_order":0,"comment_status":"closed","ping_status":"closed","template":"","meta":[],"_links":{"self":[{"href":"https:\/\/www.inf.ufrgs.br\/profcomp\/wp-json\/wp\/v2\/pages\/7438"}],"collection":[{"href":"https:\/\/www.inf.ufrgs.br\/profcomp\/wp-json\/wp\/v2\/pages"}],"about":[{"href":"https:\/\/www.inf.ufrgs.br\/profcomp\/wp-json\/wp\/v2\/types\/page"}],"author":[{"embeddable":true,"href":"https:\/\/www.inf.ufrgs.br\/profcomp\/wp-json\/wp\/v2\/users\/10"}],"replies":[{"embeddable":true,"href":"https:\/\/www.inf.ufrgs.br\/profcomp\/wp-json\/wp\/v2\/comments?post=7438"}],"version-history":[{"count":4,"href":"https:\/\/www.inf.ufrgs.br\/profcomp\/wp-json\/wp\/v2\/pages\/7438\/revisions"}],"predecessor-version":[{"id":7573,"href":"https:\/\/www.inf.ufrgs.br\/profcomp\/wp-json\/wp\/v2\/pages\/7438\/revisions\/7573"}],"wp:attachment":[{"href":"https:\/\/www.inf.ufrgs.br\/profcomp\/wp-json\/wp\/v2\/media?parent=7438"}],"curies":[{"name":"wp","href":"https:\/\/api.w.org\/{rel}","templated":true}]}}