{"id":7440,"date":"2025-09-17T12:37:57","date_gmt":"2025-09-17T15:37:57","guid":{"rendered":"https:\/\/www.inf.ufrgs.br\/profcomp\/?page_id=7440"},"modified":"2026-03-10T12:46:35","modified_gmt":"2026-03-10T15:46:35","slug":"explicativo","status":"publish","type":"page","link":"https:\/\/www.inf.ufrgs.br\/profcomp\/ingresso\/explicativo\/","title":{"rendered":"Calend\u00e1rio"},"content":{"rendered":"<p>O curso de mestrado ProfComp na UFRGS, segue o calend\u00e1rio acad\u00eamico da pr\u00f3pria universidade, com in\u00edcio das aulas dia 02\/mar\u00e7o\/2026 e t\u00e9rmino do semestre letivo de 2026\/1 no dia 13\/julho\/2026.<\/p>\n<p>Link para Calend\u00e1rio Acad\u00eamico da UFRGS 2026 : <a href=\"https:\/\/www.ufrgs.br\/prograd\/wp-content\/uploads\/2025\/10\/Portaria-n%C2%BA-7332-de-21.10.2025.pdf\" target=\"_blank\" rel=\"noopener\">https:\/\/www.ufrgs.br\/prograd\/wp-content\/uploads\/2025\/10\/Portaria-n%C2%BA-7332-de-21.10.2025.pdf<\/a><\/p>\n","protected":false},"excerpt":{"rendered":"<p>O curso de mestrado ProfComp na UFRGS, segue o calend\u00e1rio acad\u00eamico da pr\u00f3pria universidade, com in\u00edcio das aulas dia 02\/mar\u00e7o\/2026 e t\u00e9rmino do semestre letivo de 2026\/1 no dia 13\/julho\/2026. Link para Calend\u00e1rio Acad\u00eamico da UFRGS 2026 : https:\/\/www.ufrgs.br\/prograd\/wp-content\/uploads\/2025\/10\/Portaria-n%C2%BA-7332-de-21.10.2025.pdf<\/p>\n","protected":false},"author":10,"featured_media":0,"parent":7438,"menu_order":0,"comment_status":"closed","ping_status":"closed","template":"","meta":[],"_links":{"self":[{"href":"https:\/\/www.inf.ufrgs.br\/profcomp\/wp-json\/wp\/v2\/pages\/7440"}],"collection":[{"href":"https:\/\/www.inf.ufrgs.br\/profcomp\/wp-json\/wp\/v2\/pages"}],"about":[{"href":"https:\/\/www.inf.ufrgs.br\/profcomp\/wp-json\/wp\/v2\/types\/page"}],"author":[{"embeddable":true,"href":"https:\/\/www.inf.ufrgs.br\/profcomp\/wp-json\/wp\/v2\/users\/10"}],"replies":[{"embeddable":true,"href":"https:\/\/www.inf.ufrgs.br\/profcomp\/wp-json\/wp\/v2\/comments?post=7440"}],"version-history":[{"count":10,"href":"https:\/\/www.inf.ufrgs.br\/profcomp\/wp-json\/wp\/v2\/pages\/7440\/revisions"}],"predecessor-version":[{"id":7613,"href":"https:\/\/www.inf.ufrgs.br\/profcomp\/wp-json\/wp\/v2\/pages\/7440\/revisions\/7613"}],"up":[{"embeddable":true,"href":"https:\/\/www.inf.ufrgs.br\/profcomp\/wp-json\/wp\/v2\/pages\/7438"}],"wp:attachment":[{"href":"https:\/\/www.inf.ufrgs.br\/profcomp\/wp-json\/wp\/v2\/media?parent=7440"}],"curies":[{"name":"wp","href":"https:\/\/api.w.org\/{rel}","templated":true}]}}