{"id":7472,"date":"2025-09-17T16:03:31","date_gmt":"2025-09-17T19:03:31","guid":{"rendered":"https:\/\/www.inf.ufrgs.br\/profcomp\/?page_id=7472"},"modified":"2025-09-25T16:12:33","modified_gmt":"2025-09-25T19:12:33","slug":"introducao","status":"publish","type":"page","link":"https:\/\/www.inf.ufrgs.br\/profcomp\/institucional\/introducao\/","title":{"rendered":"Introdu\u00e7\u00e3o"},"content":{"rendered":"<p>O Mestrado Profissional em Ensino de Computa\u00e7\u00e3o para Educa\u00e7\u00e3o B\u00e1sica (PROFCOMP) \u00e9 um programa de p\u00f3s-gradua\u00e7\u00e3o <em>stricto sensu<\/em> em Ci\u00eancia da Computa\u00e7\u00e3o, em Rede Nacional, que segue o Programa Profissional para Professores da Educac\u0327a\u0303o Ba\u0301sica (PROEB\/CAPES). Ele\u00a0tem como objetivo proporcionar forma\u00e7\u00e3o em Educa\u00e7\u00e3o em Computa\u00e7\u00e3o, de forma aprofundada e relevante, lastreada em pesquisa cient\u00edfica, tendo como p\u00fablico alvo professores em exerci\u0301cio na rede pu\u0301blica da educac\u0327a\u0303o ba\u0301sica visando dar ao egresso o t\u00edtulo de Mestre, com a qualifica\u00e7\u00e3o certificada para o Ensino de Computa\u00e7\u00e3o para Educa\u00e7\u00e3o B\u00e1sica.<\/p>\n<p>O Programa de P\u00f3s-Gradua\u00e7\u00e3o ProfComp UFRGS \u2013 Mestrado Profissional em Ensino de Computa\u00e7\u00e3o para Educa\u00e7\u00e3o B\u00e1sica, vinculado ao Instituto de Inform\u00e1tica da Universidade Federal do Rio Grande do Sul (UFRGS), \u00e9 um N\u00facleo oi Institui\u00e7\u00e3o Associada (IA) do programa em rede PROFCOMP, com abrang\u00eancia nacional, que tem como institui\u00e7\u00e3o coordenadora a Sociedade Brasileira de Computa\u00e7\u00e3o (SBC). O ProfComp UFRGS organiza-se pelas normas da p\u00f3s-gradua\u00e7\u00e3o <em>stricto sensu\u00a0<\/em>da UFRGS, pelas normas do Conselho de Ensino, Pesquisa e Extens\u00e3o (CEPE) e do Conselho Universit\u00e1rio (CONSUN) e pelo Regimento Geral do PROFCOMP.<\/p>\n<p>A inser\u00e7\u00e3o da Computa\u00e7\u00e3o na BNCC envolve habilidades que devem ser trabalhadas da Educa\u00e7\u00e3o Infantil at\u00e9 o Ensino M\u00e9dio.\u00a0Essas habilidades est\u00e3o organizadas em 3 eixos:<\/p>\n<p><strong>Pensamento computacional<\/strong>: Engloba o desenvolvimento de habilidades de compreender, analisar definir, modelar, resolver, comparar e automatizar problemas e suas solu\u00e7\u00f5es de forma met\u00f3dica e sistem\u00e1tica, atrav\u00e9s do desenvolvimento da capacidade de criar e adaptar algoritmos, aplicando fundamentos da computa\u00e7\u00e3o para alavancar e aprimorar a aprendizagem e o pensamento criativo e cr\u00edtico nas diversas \u00e1reas do conhecimento.<\/p>\n<p><strong>Mundo digital<\/strong>: Envolve aprendizagens sobre artefatos digitais, compreendendo tanto elementos f\u00edsicos (computadores, celulares, tablets) e virtuais (internet, redes sociais e nuvens de dados). Compreender o mundo contempor\u00e2neo requer conhecimento sobre o poder da informa\u00e7\u00e3o e a import\u00e2ncia de armazen\u00e1-la e proteg\u00ea-la, entendendo os c\u00f3digos utilizados para a sua representa\u00e7\u00e3o em diferentes tipologias informacionais, bem como as formas de processamento, transmiss\u00e3o e distribui\u00e7\u00e3o segura e confi\u00e1vel.<\/p>\n<p><strong>Cultura digital<\/strong>: Envolve aprendizagens voltadas \u00e0 participa\u00e7\u00e3o consciente e democr\u00e1tica por meio das tecnologias digitais, o que pressup\u00f5e compreens\u00e3o dos impactos da revolu\u00e7\u00e3o digital e seus avan\u00e7os na sociedade contempor\u00e2nea; bem como a constru\u00e7\u00e3o de atitude cr\u00edtica, \u00e9tica e respons\u00e1vel em rela\u00e7\u00e3o \u00e0 multiplicidade de ofertas midi\u00e1ticas e digitais, e os diferentes usos das tecnologias e dos conte\u00fados veiculados; assim como flu\u00eancia no uso da tecnologia digital para proposi\u00e7\u00e3o de solu\u00e7\u00f5es e manifesta\u00e7\u00f5es culturais contextualizadas e cr\u00edticas.<\/p>\n<p>&nbsp;<\/p>\n","protected":false},"excerpt":{"rendered":"<p>O Mestrado Profissional em Ensino de Computa\u00e7\u00e3o para Educa\u00e7\u00e3o B\u00e1sica (PROFCOMP) \u00e9 um programa de p\u00f3s-gradua\u00e7\u00e3o stricto sensu em Ci\u00eancia da Computa\u00e7\u00e3o, em Rede Nacional, que segue o Programa Profissional para Professores da Educac\u0327a\u0303o Ba\u0301sica (PROEB\/CAPES). Ele\u00a0tem como objetivo proporcionar forma\u00e7\u00e3o em Educa\u00e7\u00e3o em Computa\u00e7\u00e3o, de forma aprofundada e relevante, lastreada em pesquisa cient\u00edfica, tendo [&hellip;]<\/p>\n","protected":false},"author":10,"featured_media":0,"parent":47,"menu_order":0,"comment_status":"closed","ping_status":"closed","template":"","meta":[],"_links":{"self":[{"href":"https:\/\/www.inf.ufrgs.br\/profcomp\/wp-json\/wp\/v2\/pages\/7472"}],"collection":[{"href":"https:\/\/www.inf.ufrgs.br\/profcomp\/wp-json\/wp\/v2\/pages"}],"about":[{"href":"https:\/\/www.inf.ufrgs.br\/profcomp\/wp-json\/wp\/v2\/types\/page"}],"author":[{"embeddable":true,"href":"https:\/\/www.inf.ufrgs.br\/profcomp\/wp-json\/wp\/v2\/users\/10"}],"replies":[{"embeddable":true,"href":"https:\/\/www.inf.ufrgs.br\/profcomp\/wp-json\/wp\/v2\/comments?post=7472"}],"version-history":[{"count":5,"href":"https:\/\/www.inf.ufrgs.br\/profcomp\/wp-json\/wp\/v2\/pages\/7472\/revisions"}],"predecessor-version":[{"id":7524,"href":"https:\/\/www.inf.ufrgs.br\/profcomp\/wp-json\/wp\/v2\/pages\/7472\/revisions\/7524"}],"up":[{"embeddable":true,"href":"https:\/\/www.inf.ufrgs.br\/profcomp\/wp-json\/wp\/v2\/pages\/47"}],"wp:attachment":[{"href":"https:\/\/www.inf.ufrgs.br\/profcomp\/wp-json\/wp\/v2\/media?parent=7472"}],"curies":[{"name":"wp","href":"https:\/\/api.w.org\/{rel}","templated":true}]}}