{"id":7479,"date":"2025-09-17T16:05:19","date_gmt":"2025-09-17T19:05:19","guid":{"rendered":"https:\/\/www.inf.ufrgs.br\/profcomp\/?page_id=7479"},"modified":"2025-09-22T12:32:14","modified_gmt":"2025-09-22T15:32:14","slug":"ob-2","status":"publish","type":"page","link":"https:\/\/www.inf.ufrgs.br\/profcomp\/disciplinas\/ob-2\/","title":{"rendered":"Obrigat\u00f3rias"},"content":{"rendered":"<p><strong>Disciplinas Obrigat\u00f3rias<\/strong> (organizadas em 4 grupos)<\/p>\n<p><strong>B\u00e1sicas (BA):<\/strong> Compreendem disciplinas para trabalhar o m\u00e9todo cient\u00edfico, necess\u00e1rio n\u00e3o somente para pesquisa, mas para a realiza\u00e7\u00e3o de projetos escolares, enfatizando tamb\u00e9m quest\u00f5es \u00e9ticas da pesquisa. O grupo BA conta tamb\u00e9m com disciplinas de laborat\u00f3rio de pr\u00e1tica docente, que visam fazer uma liga\u00e7\u00e3o entre os conhecimentos de Computa\u00e7\u00e3o e a pr\u00e1tica de ensino em sala de aula. As disciplinas deste grupo s\u00e3o:<\/p>\n<ul>\n<li>M\u00e9todo cient\u00edfico (30h);<\/li>\n<li>Laborat\u00f3rio de pr\u00e1tica docente em Pensamento computacional (30h);<\/li>\n<li>Laborat\u00f3rio de pr\u00e1tica docente em Mundo digital (30h);<\/li>\n<li>Laborat\u00f3rio de pr\u00e1tica docente em Cultura digital (30h).<\/li>\n<\/ul>\n<p><strong>Pensamento Computacional (PC):<\/strong> As disciplinas deste grupo visam desenvolver habilidades de resolu\u00e7\u00e3o de problemas atrav\u00e9s da constru\u00e7\u00e3o e automatiza\u00e7\u00e3o de algoritmos. As disciplinas deste grupo s\u00e3o:<\/p>\n<ul>\n<li>Introdu\u00e7\u00e3o \u00e0 computa\u00e7\u00e3o (60h);<\/li>\n<li>Pensamento computacional (60h);<\/li>\n<li>Projeto de sistemas computacionais (60h).<\/li>\n<\/ul>\n<p><strong>Mundo Digital (MD):<\/strong> O objetivo deste grupo de disciplinas \u00e9 a compreens\u00e3o da estrutura e funcionamento de m\u00e1quinas capazes de computar, bem como o entendimento de como se d\u00e1 a distribui\u00e7\u00e3o da informa\u00e7\u00e3o atrav\u00e9s das redes de computadores e internet, al\u00e9m de quest\u00f5es de seguran\u00e7a de sistemas computacionais. As disciplinas deste grupo s\u00e3o:<\/p>\n<ul>\n<li>Introdu\u00e7\u00e3o ao computador (45h);<\/li>\n<li>Redes e internet (45h);<\/li>\n<li>Seguran\u00e7a e criptografia (45h)<\/li>\n<\/ul>\n<p><strong>Cultura Digital (CD):<\/strong> Este grupo de disciplinas desenvolve habilidades relacionadas ao uso de tecnologias digitais, tanto do ponto de vista de profici\u00eancia nessas tecnologias quanto no seu uso consciente, \u00e9tico e seguro. \u00c9 fundamental que a Computa\u00e7\u00e3o na Educa\u00e7\u00e3o B\u00e1sica n\u00e3o compreenda apenas quest\u00f5es t\u00e9cnicas, pois seu impacto social, econ\u00f4mico, ambiental e pessoal deve ser tratado. As disciplinas deste grupo s\u00e3o:<\/p>\n<ul>\n<li>Ferramentas digitais na educa\u00e7\u00e3o (30h);<\/li>\n<li>Cultura digital (30h);<\/li>\n<li>Computa\u00e7\u00e3o e sociedade (30h);<\/li>\n<li>Intelig\u00eancia artificial e educa\u00e7\u00e3o (30h).<\/li>\n<\/ul>\n<p><strong>\u00a0<\/strong><\/p>\n<p><strong>\u00a0<\/strong><\/p>\n","protected":false},"excerpt":{"rendered":"<p>Disciplinas Obrigat\u00f3rias (organizadas em 4 grupos) B\u00e1sicas (BA): Compreendem disciplinas para trabalhar o m\u00e9todo cient\u00edfico, necess\u00e1rio n\u00e3o somente para pesquisa, mas para a realiza\u00e7\u00e3o de projetos escolares, enfatizando tamb\u00e9m quest\u00f5es \u00e9ticas da pesquisa. O grupo BA conta tamb\u00e9m com disciplinas de laborat\u00f3rio de pr\u00e1tica docente, que visam fazer uma liga\u00e7\u00e3o entre os conhecimentos de Computa\u00e7\u00e3o [&hellip;]<\/p>\n","protected":false},"author":10,"featured_media":0,"parent":415,"menu_order":0,"comment_status":"closed","ping_status":"closed","template":"","meta":[],"_links":{"self":[{"href":"https:\/\/www.inf.ufrgs.br\/profcomp\/wp-json\/wp\/v2\/pages\/7479"}],"collection":[{"href":"https:\/\/www.inf.ufrgs.br\/profcomp\/wp-json\/wp\/v2\/pages"}],"about":[{"href":"https:\/\/www.inf.ufrgs.br\/profcomp\/wp-json\/wp\/v2\/types\/page"}],"author":[{"embeddable":true,"href":"https:\/\/www.inf.ufrgs.br\/profcomp\/wp-json\/wp\/v2\/users\/10"}],"replies":[{"embeddable":true,"href":"https:\/\/www.inf.ufrgs.br\/profcomp\/wp-json\/wp\/v2\/comments?post=7479"}],"version-history":[{"count":4,"href":"https:\/\/www.inf.ufrgs.br\/profcomp\/wp-json\/wp\/v2\/pages\/7479\/revisions"}],"predecessor-version":[{"id":7515,"href":"https:\/\/www.inf.ufrgs.br\/profcomp\/wp-json\/wp\/v2\/pages\/7479\/revisions\/7515"}],"up":[{"embeddable":true,"href":"https:\/\/www.inf.ufrgs.br\/profcomp\/wp-json\/wp\/v2\/pages\/415"}],"wp:attachment":[{"href":"https:\/\/www.inf.ufrgs.br\/profcomp\/wp-json\/wp\/v2\/media?parent=7479"}],"curies":[{"name":"wp","href":"https:\/\/api.w.org\/{rel}","templated":true}]}}