{"id":122,"date":"2016-05-20T17:44:23","date_gmt":"2016-05-20T17:44:23","guid":{"rendered":"http:\/\/www.inf.ufrgs.br\/rondon\/?page_id=122"},"modified":"2017-10-23T19:59:49","modified_gmt":"2017-10-23T19:59:49","slug":"apresentacao-2","status":"publish","type":"page","link":"https:\/\/www.inf.ufrgs.br\/rondon\/?page_id=122","title":{"rendered":"Apresenta\u00e7\u00e3o"},"content":{"rendered":"<p>O N\u00facleo de Extens\u00e3o RONDON \u2013 UFRGS, vinculado \u00e0 Pr\u00f3-Reitoria de Extens\u00e3o da UFRGS, congrega Professores, Servidores T\u00e9cnicos-Administrativos e Alunos de Gradua\u00e7\u00e3o das Unidades Universit\u00e1rias da Universidade Federal do Rio Grande do Sul com a finalidade de organizar e deliberar sobre a participa\u00e7\u00e3o da Universidade no Projeto Rondon, coordenado pelo Minist\u00e9rio da Defesa, bem como em atividades locais e regionais desde que atendam \u00e0s caracter\u00edsticas do Projeto Rondon nacional.<\/p>\n<p>O N\u00facleo Rondon \u2013 UFRGS tem como objetivos:<br \/>\nI &#8211; Articular e gerenciar a elabora\u00e7\u00e3o de propostas a serem encaminhadas ao Minist\u00e9rio da Defesa, por ocasi\u00e3o aos editais de chamamento e participa\u00e7\u00e3o das institui\u00e7\u00f5es de ensino superior para opera\u00e7\u00f5es do Projeto Rondon;<br \/>\nlI &#8211; Organizar as atividades referentes ao Projeto Rondon em \u00e2mbito institucional;<br \/>\nIII \u2013 Estimular a participa\u00e7\u00e3o dos docentes e estudantes de gradua\u00e7\u00e3o regularmente matriculados na UFRGS nas opera\u00e7\u00f5es nacionais do referido projeto;<br \/>\nIV &#8211; Promover a divulga\u00e7\u00e3o do Projeto Rondon em n\u00edvel institucional e local;<br \/>\nV\u00a0&#8211; Gerenciar o processo de sele\u00e7\u00e3o de acad\u00eamicos para compor a equipe rondonista;<br \/>\nVI \u2013 Supervisionar o processo de capacita\u00e7\u00e3o e treinamento dos alunos rondonistas para participa\u00e7\u00e3o nas opera\u00e7\u00f5es do Projeto Rondon.<\/p>\n","protected":false},"excerpt":{"rendered":"<p>O N\u00facleo de Extens\u00e3o RONDON \u2013 UFRGS, vinculado \u00e0 Pr\u00f3-Reitoria de Extens\u00e3o da UFRGS, congrega Professores, Servidores T\u00e9cnicos-Administrativos e Alunos de Gradua\u00e7\u00e3o das Unidades Universit\u00e1rias da Universidade Federal do Rio Grande do Sul com a finalidade de organizar e deliberar sobre a participa\u00e7\u00e3o da Universidade no Projeto Rondon, coordenado pelo Minist\u00e9rio da Defesa, bem como [&hellip;]<\/p>\n","protected":false},"author":1,"featured_media":0,"parent":0,"menu_order":0,"comment_status":"closed","ping_status":"closed","template":"","meta":{"footnotes":""},"class_list":["post-122","page","type-page","status-publish","hentry"],"_links":{"self":[{"href":"https:\/\/www.inf.ufrgs.br\/rondon\/index.php?rest_route=\/wp\/v2\/pages\/122","targetHints":{"allow":["GET"]}}],"collection":[{"href":"https:\/\/www.inf.ufrgs.br\/rondon\/index.php?rest_route=\/wp\/v2\/pages"}],"about":[{"href":"https:\/\/www.inf.ufrgs.br\/rondon\/index.php?rest_route=\/wp\/v2\/types\/page"}],"author":[{"embeddable":true,"href":"https:\/\/www.inf.ufrgs.br\/rondon\/index.php?rest_route=\/wp\/v2\/users\/1"}],"replies":[{"embeddable":true,"href":"https:\/\/www.inf.ufrgs.br\/rondon\/index.php?rest_route=%2Fwp%2Fv2%2Fcomments&post=122"}],"version-history":[{"count":9,"href":"https:\/\/www.inf.ufrgs.br\/rondon\/index.php?rest_route=\/wp\/v2\/pages\/122\/revisions"}],"predecessor-version":[{"id":512,"href":"https:\/\/www.inf.ufrgs.br\/rondon\/index.php?rest_route=\/wp\/v2\/pages\/122\/revisions\/512"}],"wp:attachment":[{"href":"https:\/\/www.inf.ufrgs.br\/rondon\/index.php?rest_route=%2Fwp%2Fv2%2Fmedia&parent=122"}],"curies":[{"name":"wp","href":"https:\/\/api.w.org\/{rel}","templated":true}]}}