{"id":137,"date":"2016-05-20T21:10:45","date_gmt":"2016-05-20T21:10:45","guid":{"rendered":"http:\/\/www.inf.ufrgs.br\/rondon\/?page_id=137"},"modified":"2021-02-01T13:27:10","modified_gmt":"2021-02-01T13:27:10","slug":"projeto-rondon","status":"publish","type":"page","link":"https:\/\/www.inf.ufrgs.br\/rondon\/?page_id=137","title":{"rendered":"Projeto Rondon"},"content":{"rendered":"<p>\u00c9 uma a\u00e7\u00e3o interministerial do Governo Federal realizada em coordena\u00e7\u00e3o com os Governos Estadual e Municipal que, em parceria com as Institui\u00e7\u00f5es de Ensino Superior, reconhecidas pelo Minist\u00e9rio da Educa\u00e7\u00e3o, visa a somar esfor\u00e7os com as lideran\u00e7as comunit\u00e1rias e com a popula\u00e7\u00e3o, a fim de contribuir com o desenvolvimento local sustent\u00e1vel e na constru\u00e7\u00e3o e promo\u00e7\u00e3o da cidadania.<\/p>\n<p>O Projeto Rondon prioriza, assim, desenvolver a\u00e7\u00f5es que tragam benef\u00edcios permanentes para as comunidades, principalmente as relacionadas com, a melhoria do bem estar social e a capacita\u00e7\u00e3o da gest\u00e3o p\u00fablica. Busca, ainda, consolidar no universit\u00e1rio brasileiro o sentido de responsabilidade social, coletiva, em prol da cidadania, do desenvolvimento e da defesa dos interesses nacionais, contribuindo na sua forma\u00e7\u00e3o acad\u00eamica e proporcionando-lhe o conhecimento da realidade brasileira.<\/p>\n<h2>HIST\u00d3RIA<\/h2>\n<h3>Lan\u00e7amento<\/h3>\n<p>A ideia de levar a juventude universit\u00e1ria a conhecer a realidade brasileira e a participar do processo de desenvolvimento surgiu em 1966, durante reuni\u00e3o realizada no Rio de Janeiro, com a participa\u00e7\u00e3o de universidades do ent\u00e3o Estado da Guanabara, do Minist\u00e9rio da Educa\u00e7\u00e3o e Cultural e de especialistas em educa\u00e7\u00e3o.<\/p>\n<p>O Projeto Rondon foi semeado em 11 de julho de 1967, quando uma equipe formada por 30 universit\u00e1rios e dois professores de universidades do antigo Estado da Guanabara, conheceram de perto a realidade amaz\u00f4nica no ent\u00e3o territ\u00f3rio federal de Rond\u00f4nia. A primeira miss\u00e3o teve a dura\u00e7\u00e3o de 28 dias.<\/p>\n<p>T\u00e3o logo os estudantes retornaram de Rond\u00f4nia, propuseram a cria\u00e7\u00e3o de um movimento universit\u00e1rio que desse prosseguimento ao trabalho iniciado no territ\u00f3rio visitado. A esse movimento deram-lhe o nome de Projeto Rondon, em homenagem ao bandeirante do s\u00e9culo XX, o Marechal C\u00e2ndido Mariano da Silva Rondon. No ano seguinte, o trabalho expandiu-se para a Amaz\u00f4nia e Mato Grosso, com 648 jovens, exigindo maior participa\u00e7\u00e3o do Governo no seu apoio. Durante o per\u00edodo em que permaneceu em atividade, integrando a estrutura do Governo, o Projeto envolveu mais de 350.000 universit\u00e1rios em todas as regi\u00f5es do Pa\u00eds.<\/p>\n<p>O Projeto Rondon foi criado, pelo Decreto n\u00ba 62.927, de 28 de junho de 1968, que estabeleceu um Grupo de Trabalho (GT) denominado de \u201cGrupo de Trabalho Projeto Rondon\u201d, subordinado ao Minist\u00e9rio do Interior. Posteriormente, em 1970, esse GT foi transformado em \u00d3rg\u00e3o Aut\u00f4nomo da Administra\u00e7\u00e3o Direta pelo Decreto n\u00b0 67.505, de 6 de novembro de 1970, e em 1975, pela Lei N\u00b0 6.310 de 15 de dezembro, foi institu\u00edda a Funda\u00e7\u00e3o Projeto Rondon. Em janeiro de 1989, o Projeto Rondon foi extinto pela Medida Provis\u00f3ria n\u00ba 28\/89 convertida posteriormente na Lei 7.732, de 14 de fevereiro de 1989. Em 1990, foi criada por ex-rondonistas a Associa\u00e7\u00e3o Nacional dos Rondonistas, uma Organiza\u00e7\u00e3o N\u00e3o Governamental (ONG) qualificada pelo Minist\u00e9rio da Justi\u00e7a como Organiza\u00e7\u00e3o da Sociedade Civil de Interesse P\u00fablico (OSCIP).<\/p>\n<h3>Relan\u00e7amento<\/h3>\n<p>A nova fase do Projeto Rondon origina-se de uma proposta de reativa\u00e7\u00e3o do projeto original encaminhada pela Uni\u00e3o Nacional dos Estudantes ao Exmo. Sr. Presidente da Rep\u00fablica em novembro de 2003. Para viabilizar essa proposta, foi criado, em mar\u00e7o de 2004, um grupo de trabalho interministerial, composto por representantes do Minist\u00e9rio da Defesa (ao qual coube coordenar a implanta\u00e7\u00e3o do novo projeto), do Minist\u00e9rio da Educa\u00e7\u00e3o, do Minist\u00e9rio da Integra\u00e7\u00e3o Nacional, do Minist\u00e9rio da Sa\u00fade, do Minist\u00e9rio do Desenvolvimento Agr\u00e1rio, do Minist\u00e9rio do Desenvolvimento Social, do Minist\u00e9rio do Esporte, do Minist\u00e9rio do Meio Ambiente e da Secretaria-Geral da Presid\u00eancia da Rep\u00fablica.<\/p>\n<p>O grupo de trabalho interministerial definiu diretrizes e orienta\u00e7\u00f5es gerais, que foram consolidadas num plano estrat\u00e9gico aprovado pelo Presidente da Rep\u00fablica em 20 de agosto de 2004. Esse documento define a sistem\u00e1tica de trabalho, detalhada e posta em pr\u00e1tica ao longo do segundo semestre de 2004 com vistas \u00e0 execu\u00e7\u00e3o, em 2005, da primeira opera\u00e7\u00e3o nacional desta nova fase do Projeto Rondon. As a\u00e7\u00f5es do projeto s\u00e3o orientadas pelo Comit\u00ea de Orienta\u00e7\u00e3o e Supervis\u00e3o do Projeto Rondon, criado por Decreto Presidencial de 14 de janeiro de 2005.<\/p>\n<h2>OBJETIVOS<\/h2>\n<p>Rondonistas promovendo a\u00e7\u00e3o em munic\u00edpio.<br \/>\nO Projeto, orientado pelos princ\u00edpios da democracia, da responsabilidade social e da defesa dos interesses nacionais, tem como escopo de atua\u00e7\u00e3o dois grandes objetivos: a forma\u00e7\u00e3o do jovem universit\u00e1rio como cidad\u00e3o e o desenvolvimento sustent\u00e1vel nas comunidades carentes. Para que esses objetivos possam ser implementados, deve ser buscado atingir as seguintes medidas:<\/p>\n<ul>\n<li>Desenvolver a\u00e7\u00f5es cuja prioridade seja o atendimento \u00e0s necessidades sociais, ambientais e econ\u00f4micas da popula\u00e7\u00e3o, em conson\u00e2ncia com as pol\u00edticas p\u00fablicas e os planos governamentais em execu\u00e7\u00e3o. A assist\u00eancia social, quando necess\u00e1ria, ser\u00e1 epis\u00f3dica.<\/li>\n<li>O Projeto Rondon n\u00e3o substituir\u00e1 o poder p\u00fablico em nenhuma hip\u00f3tese. N\u00e3o assumir\u00e1 responsabilidades nem atribui\u00e7\u00f5es do governo, nos munic\u00edpios selecionados.<\/li>\n<li>Promover parcerias com \u00f3rg\u00e3os\/entidades governamentais e n\u00e3o-governamentais para a realiza\u00e7\u00e3o dos trabalhos nas diferentes fases das opera\u00e7\u00f5es e atividades.<\/li>\n<li>Conjugar as necessidades locais, as pol\u00edticas p\u00fablicas e as habilidades universit\u00e1rias.<\/li>\n<li>Priorizar o financiamento das a\u00e7\u00f5es por meio de parcerias e patroc\u00ednios, em complementa\u00e7\u00e3o aos recursos or\u00e7ament\u00e1rios dispon\u00edveis.<\/li>\n<li>O universit\u00e1rio participar\u00e1 da execu\u00e7\u00e3o das opera\u00e7\u00f5es integrando uma equipe da sua IES.<\/li>\n<li>A sele\u00e7\u00e3o das IES ser\u00e1 realizada com base nas propostas de trabalho apresentadas para atender \u00e0s necessidades definidas pelo Projeto Rondon e dentro dos crit\u00e9rios estabelecidos.<\/li>\n<li>Assegurar a participa\u00e7\u00e3o, em igualdade de condi\u00e7\u00f5es, das institui\u00e7\u00f5es p\u00fablicas e privadas, das esferas federal, estadual e municipal, oriundas de todas as regi\u00f5es do Pa\u00eds.<\/li>\n<li>A execu\u00e7\u00e3o das opera\u00e7\u00f5es dever\u00e1 ser precedida das viagens de reconhecimento e precursora.<\/li>\n<li>Poder\u00e1 ser realizada a combina\u00e7\u00e3o de dois ou mais tipos de opera\u00e7\u00e3o, priorizando-se as opera\u00e7\u00f5es nacionais.<\/li>\n<\/ul>\n<p>&nbsp;<\/p>\n<p><a href=\"https:\/\/www.inf.ufrgs.br\/rondon\/wp-content\/uploads\/2020\/10\/Artigo_Rondon_Primeira_Fase.pdf\" target=\"_blank\" rel=\"noopener noreferrer\"><strong>LINK PARA TEXTO COMPLEMENTAR.<\/strong><\/a><\/p>\n","protected":false},"excerpt":{"rendered":"<p>\u00c9 uma a\u00e7\u00e3o interministerial do Governo Federal realizada em coordena\u00e7\u00e3o com os Governos Estadual e Municipal que, em parceria com as Institui\u00e7\u00f5es de Ensino Superior, reconhecidas pelo Minist\u00e9rio da Educa\u00e7\u00e3o, visa a somar esfor\u00e7os com as lideran\u00e7as comunit\u00e1rias e com a popula\u00e7\u00e3o, a fim de contribuir com o desenvolvimento local sustent\u00e1vel e na constru\u00e7\u00e3o e [&hellip;]<\/p>\n","protected":false},"author":1,"featured_media":0,"parent":0,"menu_order":0,"comment_status":"closed","ping_status":"closed","template":"","meta":{"footnotes":""},"class_list":["post-137","page","type-page","status-publish","hentry"],"_links":{"self":[{"href":"https:\/\/www.inf.ufrgs.br\/rondon\/index.php?rest_route=\/wp\/v2\/pages\/137","targetHints":{"allow":["GET"]}}],"collection":[{"href":"https:\/\/www.inf.ufrgs.br\/rondon\/index.php?rest_route=\/wp\/v2\/pages"}],"about":[{"href":"https:\/\/www.inf.ufrgs.br\/rondon\/index.php?rest_route=\/wp\/v2\/types\/page"}],"author":[{"embeddable":true,"href":"https:\/\/www.inf.ufrgs.br\/rondon\/index.php?rest_route=\/wp\/v2\/users\/1"}],"replies":[{"embeddable":true,"href":"https:\/\/www.inf.ufrgs.br\/rondon\/index.php?rest_route=%2Fwp%2Fv2%2Fcomments&post=137"}],"version-history":[{"count":3,"href":"https:\/\/www.inf.ufrgs.br\/rondon\/index.php?rest_route=\/wp\/v2\/pages\/137\/revisions"}],"predecessor-version":[{"id":831,"href":"https:\/\/www.inf.ufrgs.br\/rondon\/index.php?rest_route=\/wp\/v2\/pages\/137\/revisions\/831"}],"wp:attachment":[{"href":"https:\/\/www.inf.ufrgs.br\/rondon\/index.php?rest_route=%2Fwp%2Fv2%2Fmedia&parent=137"}],"curies":[{"name":"wp","href":"https:\/\/api.w.org\/{rel}","templated":true}]}}