{"id":148,"date":"2022-01-27T20:13:17","date_gmt":"2022-01-27T20:13:17","guid":{"rendered":"https:\/\/www.inf.ufrgs.br\/skynet\/?page_id=148"},"modified":"2022-02-08T14:13:01","modified_gmt":"2022-02-08T14:13:01","slug":"events","status":"publish","type":"page","link":"https:\/\/www.inf.ufrgs.br\/skynet\/index.php\/events\/","title":{"rendered":"Events"},"content":{"rendered":"\n<ul><li>Panel &#8220;<a href=\"https:\/\/www.inf.ufrgs.br\/skynet\/wp-content\/uploads\/2022\/02\/WRNP-Painel-Monitoramento.pdf\">A Import\u00e2ncia do Monitoramento de Aplica\u00e7\u00f5es nas Redes Acad\u00eamicas para Decis\u00f5es Baseadas em Dados<\/a>,&#8221; Prof. Italo Fernando Scot\u00e1 Cunha, 22o Workshop RNP (WRNP 2021), August 16th 2021.<\/li><li>Panel &#8220;<a href=\"https:\/\/www.youtube.com\/watch?v=KS-GO9jlmb4\" data-type=\"URL\" data-id=\"https:\/\/www.youtube.com\/watch?v=KS-GO9jlmb4\">Networking Education During and After the Pandemic<\/a>,&#8221; Prof. Luciano Paschoal Gaspary, theNetworkingChannel, October 13th 2021.<\/li><li>Keynote &#8220;<a href=\"https:\/\/whova.com\/embedded\/session\/icnas_202110\/1968892\/#\" data-type=\"URL\" data-id=\"https:\/\/whova.com\/embedded\/session\/icnas_202110\/1968892\/#\">Revitalizing Network and Service Management with Programmable Data Planes: Progress, Challenges, and Opportunities<\/a>,&#8221; Prof. Luciano Paschoal Gaspary, 17th International Conference on Network and Service Management (CNSM 2021), October 28th 2021.<\/li><li>Webinar &#8220;<a href=\"https:\/\/www.inf.ufrgs.br\/skynet\/wp-content\/uploads\/2022\/02\/palestra-calheiros-slides.pdf\" data-type=\"URL\" data-id=\"https:\/\/www.inf.ufrgs.br\/skynet\/wp-content\/uploads\/2022\/02\/palestra-calheiros-slides.pdf\">Fog and Edge Computing: Challenges and Emerging Trends<\/a>,&#8221; Prof. Rodrigo Neves Calheiros, Dhofar University, Om\u00e3, November 4th 2021.<\/li><li>Panel &#8220;<a href=\"https:\/\/www.inf.ufrgs.br\/skynet\/wp-content\/uploads\/2022\/02\/Painel-3o-Workshop-Monitoramento-RNP.pdf\">Medi\u00e7\u00f5es e Monitoramento de Redes<\/a>,&#8221; Prof. Italo Fernando Scot\u00e1 Cunha, 3o Workshop de Medi\u00e7\u00f5es da RNP 2021, November 11th 2021.<\/li><li>Talk &#8220;<a href=\"https:\/\/www.youtube.com\/watch?v=Mne7w8Ae6ek\" data-type=\"URL\" data-id=\"https:\/\/www.youtube.com\/watch?v=Mne7w8Ae6ek\">In-Network Computing and Switch Virtualization Walk into a Bar<\/a>,&#8221; Prof. Jos\u00e9 Rodrigo Azambuja, IEEE CASS-RS Talks 2021, October 29th 2021.<\/li><\/ul>\n\n\n\n<p><\/p>\n","protected":false},"excerpt":{"rendered":"<p>Panel &#8220;A Import\u00e2ncia do Monitoramento de Aplica\u00e7\u00f5es nas Redes Acad\u00eamicas para Decis\u00f5es Baseadas em Dados,&#8221; Prof. Italo Fernando Scot\u00e1 Cunha, 22o Workshop RNP (WRNP 2021), August 16th 2021. Panel &#8220;Networking Education During and After the Pandemic,&#8221; Prof. Luciano Paschoal Gaspary, theNetworkingChannel, October 13th 2021. Keynote &#8220;Revitalizing Network and Service Management with Programmable Data Planes: Progress, &hellip; <a href=\"https:\/\/www.inf.ufrgs.br\/skynet\/index.php\/events\/\" class=\"more-link\">Continue reading<span class=\"screen-reader-text\"> &#8220;Events&#8221;<\/span><\/a><\/p>\n","protected":false},"author":1,"featured_media":0,"parent":0,"menu_order":0,"comment_status":"closed","ping_status":"closed","template":"","meta":[],"_links":{"self":[{"href":"https:\/\/www.inf.ufrgs.br\/skynet\/index.php\/wp-json\/wp\/v2\/pages\/148"}],"collection":[{"href":"https:\/\/www.inf.ufrgs.br\/skynet\/index.php\/wp-json\/wp\/v2\/pages"}],"about":[{"href":"https:\/\/www.inf.ufrgs.br\/skynet\/index.php\/wp-json\/wp\/v2\/types\/page"}],"author":[{"embeddable":true,"href":"https:\/\/www.inf.ufrgs.br\/skynet\/index.php\/wp-json\/wp\/v2\/users\/1"}],"replies":[{"embeddable":true,"href":"https:\/\/www.inf.ufrgs.br\/skynet\/index.php\/wp-json\/wp\/v2\/comments?post=148"}],"version-history":[{"count":4,"href":"https:\/\/www.inf.ufrgs.br\/skynet\/index.php\/wp-json\/wp\/v2\/pages\/148\/revisions"}],"predecessor-version":[{"id":197,"href":"https:\/\/www.inf.ufrgs.br\/skynet\/index.php\/wp-json\/wp\/v2\/pages\/148\/revisions\/197"}],"wp:attachment":[{"href":"https:\/\/www.inf.ufrgs.br\/skynet\/index.php\/wp-json\/wp\/v2\/media?parent=148"}],"curies":[{"name":"wp","href":"https:\/\/api.w.org\/{rel}","templated":true}]}}