{"id":57,"date":"2017-11-09T01:54:11","date_gmt":"2017-11-09T01:54:11","guid":{"rendered":"http:\/\/www.inf.ufrgs.br\/p4sec\/?page_id=57"},"modified":"2022-02-08T13:55:03","modified_gmt":"2022-02-08T13:55:03","slug":"publications","status":"publish","type":"page","link":"https:\/\/www.inf.ufrgs.br\/skynet\/index.php\/publications\/","title":{"rendered":"Publications"},"content":{"rendered":"<ul>\n<li>M. Saquetti et al., &#8220;<a href=\"https:\/\/ieeexplore.ieee.org\/document\/9525085\">Toward In-Network Intelligence: Running Distributed Artificial Neural Networks in the Data Plane<\/a>,&#8221; in IEEE Communications Letters, vol. 25, no. 11, pp. 3551-3555, Nov. 2021, doi: 10.1109\/LCOMM.2021.3108940.<\/li>\n<li>A. d. S. Ilha et al., &#8220;<a href=\"https:\/\/ieeexplore.ieee.org\/document\/9311137\">Euclid: A Fully In-Network, P4-Based Approach for Real-Time DDoS Attack Detection and Mitigation<\/a>,&#8221; in IEEE Transactions on Network and Service Management, vol. 18, no. 3, pp. 3121-3139, Sept. 2021, doi: 10.1109\/TNSM.2020.3048265.<\/li>\n<li>A. S. Jacobs et al., &#8220;<a href=\"https:\/\/www.usenix.org\/conference\/atc21\/presentation\/jacobs\">Hey, Lumi! Using Natural Language for Intent-Based Network Management<\/a>,&#8221; in 2021 USENIX Annual Technical Conference (USENIX ATC 2021), pp. 625-639, July 2021.<\/li>\n<li>M. Luizelli et al., &#8220;<a href=\"https:\/\/ieeexplore.ieee.org\/abstract\/document\/9687464\">In-Network Neural Networks: Challenges and Opportunities for Innovation<\/a>,&#8221; in IEEE Network, vol. 35, no. 6, pp. 68-74, November\/December 2021, doi: 10.1109\/MNET.101.2100098.<\/li>\n<li>K. O. Paim et al., &#8220;<a href=\"https:\/\/sol.sbc.org.br\/index.php\/sbrc\/article\/view\/16766\">Usando Redes Neurais para Reconstruir Tra\u00e7os de Sess\u00f5es de Usu\u00e1rios de Sistemas de Larga Escala<\/a>,&#8221; in 39o Simp\u00f3sio Brasileiro de Redes de Computadores e Sistemas Distribu\u00eddos (SBC SBRC 2021), p. 826-839, 2021, doi: 10.5753\/sbrc.2021.16766.<\/li>\n<li>G. Bueno et al., &#8220;Managing Virtual Programmable Switches: Principles, Requirements, and Design Directions,&#8221; in IEEE Communications Magazine, 2022. <strong>To appear.<\/strong><\/li>\n<li>I. P. Lamb et al., &#8220;Protecting Virtual Programmable Switches from Cross-App Poisoning (CAP) Attacks,&#8221; in 18th IEEE\/IFIP Network Operations and Management Symposium (IEEE\/IFIP NOMS 2022), 2022. <strong>To appear.<\/strong><\/li>\n<li>K. O. Paim et al., &#8220;Fix Me If You Can: Using Neural Networks to Regenerate Networked Systems\u2019 Monitoring Traces,&#8221; in 18th IEEE\/IFIP Network Operations and Management Symposium (IEEE\/IFIP NOMS 2022), 2022. <strong>To appear.<\/strong><\/li>\n<li>F. B. Carvalho et al., &#8220;Dyssect: Dynamic Scaling of Stateful Network Functions,&#8221; in 2022 IEEE International Conference on Computer Communications (IEEE INFOCOM 2022), 2022. <strong>To appear.<\/strong><\/li>\n<li>Canofre et al. &#8220;Towards Efficient Selective In-Band Network Telemetry Report using SmartNICs,&#8221; in 36th International Conference on Advanced Information Networking and Applications (AINA 2022), 2022. <strong>To appear.<\/strong><\/li>\n<\/ul>\n","protected":false},"excerpt":{"rendered":"<p>M. Saquetti et al., &#8220;Toward In-Network Intelligence: Running Distributed Artificial Neural Networks in the Data Plane,&#8221; in IEEE Communications Letters, vol. 25, no. 11, pp. 3551-3555, Nov. 2021, doi: 10.1109\/LCOMM.2021.3108940. A. d. S. Ilha et al., &#8220;Euclid: A Fully In-Network, P4-Based Approach for Real-Time DDoS Attack Detection and Mitigation,&#8221; in IEEE Transactions on Network and &hellip; <a href=\"https:\/\/www.inf.ufrgs.br\/skynet\/index.php\/publications\/\" class=\"more-link\">Continue reading<span class=\"screen-reader-text\"> &#8220;Publications&#8221;<\/span><\/a><\/p>\n","protected":false},"author":1,"featured_media":0,"parent":0,"menu_order":0,"comment_status":"closed","ping_status":"closed","template":"","meta":[],"_links":{"self":[{"href":"https:\/\/www.inf.ufrgs.br\/skynet\/index.php\/wp-json\/wp\/v2\/pages\/57"}],"collection":[{"href":"https:\/\/www.inf.ufrgs.br\/skynet\/index.php\/wp-json\/wp\/v2\/pages"}],"about":[{"href":"https:\/\/www.inf.ufrgs.br\/skynet\/index.php\/wp-json\/wp\/v2\/types\/page"}],"author":[{"embeddable":true,"href":"https:\/\/www.inf.ufrgs.br\/skynet\/index.php\/wp-json\/wp\/v2\/users\/1"}],"replies":[{"embeddable":true,"href":"https:\/\/www.inf.ufrgs.br\/skynet\/index.php\/wp-json\/wp\/v2\/comments?post=57"}],"version-history":[{"count":3,"href":"https:\/\/www.inf.ufrgs.br\/skynet\/index.php\/wp-json\/wp\/v2\/pages\/57\/revisions"}],"predecessor-version":[{"id":192,"href":"https:\/\/www.inf.ufrgs.br\/skynet\/index.php\/wp-json\/wp\/v2\/pages\/57\/revisions\/192"}],"wp:attachment":[{"href":"https:\/\/www.inf.ufrgs.br\/skynet\/index.php\/wp-json\/wp\/v2\/media?parent=57"}],"curies":[{"name":"wp","href":"https:\/\/api.w.org\/{rel}","templated":true}]}}