{"id":16,"date":"2012-05-30T20:48:41","date_gmt":"2012-05-30T18:48:41","guid":{"rendered":"http:\/\/www.inf.ufrgs.br\/~jwickboldt\/wordpress\/?page_id=16"},"modified":"2024-10-07T00:43:37","modified_gmt":"2024-10-07T03:43:37","slug":"home","status":"publish","type":"page","link":"https:\/\/www.inf.ufrgs.br\/~jwickboldt\/","title":{"rendered":"Home"},"content":{"rendered":"<p style=\"text-align: justify;\">I&#8217;m currently an Associate Professor at the Department of Applied Computing at the Institute of Informatics (<a title=\"Institute of Informatics\" href=\"http:\/\/www.inf.ufrgs.br\/\" target=\"_blank\" rel=\"noopener noreferrer\">INF<\/a>) of the Federal University of Rio Grande do Sul (<a href=\"http:\/\/www.ufrgs.br\/\" target=\"_blank\" rel=\"noopener noreferrer\">UFRGS<\/a>), in Brazil.\u00a0I\u2019m also a member of the\u00a0<a href=\"http:\/\/www.sbc.org.br\/\" target=\"_blank\" rel=\"noopener noreferrer\">Brazilian Computer Society (SBC)<\/a> and the <a href=\"http:\/\/networks.inf.ufrgs.br\/\" target=\"_blank\" rel=\"noopener noreferrer\">Computer Networks Group<\/a> of UFRGS.\u00a0 My current research interests include <a href=\"https:\/\/www.inf.ufrgs.br\/~jwickboldt\/?page_id=510&amp;tgid=44\">Software-Defined Networking (SDN)<\/a>, <a href=\"https:\/\/www.inf.ufrgs.br\/~jwickboldt\/?page_id=510&amp;tgid=49\">Network Functions Virtualization (NFV)<\/a>, <a href=\"https:\/\/www.inf.ufrgs.br\/~jwickboldt\/?page_id=510&amp;tgid=53\">Internet of Things (IoT)<\/a>, and <a href=\"https:\/\/www.inf.ufrgs.br\/~jwickboldt\/?page_id=510&amp;tgid=28\">5G\/6G technologies<\/a>.<\/p>\n<p style=\"text-align: justify;\">During my academic trajectory, I have recently been a Postdoc Research Fellow at UFRGS. I have achieved my Ph.D. and M.Sc. in computer science from UFRGS as well. During my Ph.D., early in 2015, I was in Waterford, Ireland as a visiting researcher in the Telecommunications Software &amp; Systems Group (<a title=\"Telecommunications Software &amp; Systems Group (TSSG)\" href=\"http:\/\/www.tssg.org\/\" target=\"_blank\" rel=\"noopener noreferrer\">TSSG<\/a>) of the <a title=\"Waterford Institute of Technology\" href=\"http:\/\/www.wit.ie\/\" target=\"_blank\" rel=\"noopener noreferrer\">Waterford Institute of Technology<\/a>, working within the Emerging Networks Laboratory.\u00a0Before that, I used to be an intern for one year (ended in August 2012) at <a title=\"NEC Laboratories Europe\" href=\"http:\/\/www.neclab.eu\/\" target=\"_blank\" rel=\"noopener noreferrer\">NEC Laboratories Europe<\/a> in Heidelberg, Germany. There I was a student member of the Network Research Division (NRD) under the topic of Network Management.\u00a0When pursuing my master&#8217;s degree, back in 2008-2010, I was participating in two consecutive research projects called Malia and ChangeLedge conducted in a joint project with <a href=\"http:\/\/www.hpl.hp.com\/\">HP Labs<\/a> Bristol and Palo Alto. I\u2019ve achieved my B.Sc. degree in Computer Science at the Pontifical Catholic University of Rio Grande do Sul (<a href=\"http:\/\/www.inf.pucrs.br\/\">PUCRS<\/a>) in 2006.<\/p>\n<p style=\"text-align: justify;\">Regarding past teaching activities, I was recently a substitute professor at <a href=\"http:\/\/www.ifrs.edu.br\/\" target=\"_blank\" rel=\"noopener noreferrer\">Federal Institute of Education, Science, and Technology of Rio Grande do Sul (IFRS)<\/a> campus <a href=\"http:\/\/www.poa.ifrs.edu.br\/\" target=\"_blank\" rel=\"noopener noreferrer\">Porto Alegre <\/a>in early 2017, teaching courses on Computer Networks, Network Management, and Informatics.\u00a0Between 2013 and 2014 I was a Substitute Professor at INF\/UFRGS in the Introduction to C Programming (INF 01040) course.<\/p>\n<p style=\"text-align: center;\"><a href=\"http:\/\/networks.inf.ufrgs.br\" target=\"_blank\" rel=\"attachment wp-att-380 noopener noreferrer\"><img loading=\"lazy\" class=\"wp-image-380 alignnone\" src=\"https:\/\/www.inf.ufrgs.br\/~jwickboldt\/wp-content\/uploads\/Novo-Logo-03-Wiki.png\" alt=\"Novo Logo 03 - Wiki\" width=\"231\" height=\"47\" srcset=\"https:\/\/www.inf.ufrgs.br\/~jwickboldt\/wp-content\/uploads\/Novo-Logo-03-Wiki.png 314w, https:\/\/www.inf.ufrgs.br\/~jwickboldt\/wp-content\/uploads\/Novo-Logo-03-Wiki-300x61.png 300w\" sizes=\"(max-width: 231px) 100vw, 231px\" \/><\/a>\u00a0 \u00a0 \u00a0 \u00a0\u00a0<a href=\"http:\/\/www.inf.ufrgs.br\/\" target=\"_blank\" rel=\"noopener noreferrer\"><img loading=\"lazy\" class=\"wp-image-384 alignnone\" src=\"https:\/\/www.inf.ufrgs.br\/~jwickboldt\/wp-content\/uploads\/inf-e1470243192128.png\" alt=\"inf\" width=\"98\" height=\"58\" \/><\/a>\u00a0 \u00a0 \u00a0<a href=\"http:\/\/www.ufrgs.br\"><img loading=\"lazy\" class=\"alignnone wp-image-496 \" src=\"https:\/\/www.inf.ufrgs.br\/~jwickboldt\/wp-content\/uploads\/ufrgs-85-e1553791505992.png\" alt=\"\" width=\"155\" height=\"68\" \/><\/a><\/p>\n<h2>Technical Program Committee\u00a0Co-Chair<\/h2>\n<ul>\n<li><a href=\"https:\/\/sbrc.sbc.org.br\/2023\/salao-de-ferramentas\/\">Sal\u00e3o de Ferramentas do SBRC 2023 &#8211; Simp\u00f3sio Brasileiro de Redes de Computadores e Sistemas Distribu\u00eddos (Bras\u00edlia\/DF, Brazil)<\/a><\/li>\n<li>ERRC 2015 \u2013 13<sup>a<\/sup>\u00a0Escola Regional de Redes de Computadores (Passo Fundo\/RS, Brazil)<\/li>\n<\/ul>\n<h2>Technical Program Committee Member<\/h2>\n<ul>\n<li>IEEE\/IFIP Network Operations and Management Symposium (NOMS) &#8211; 2023-2024<\/li>\n<li>Simp\u00f3sio Brasileiro de Redes de Computadores e Sistemas Distribu\u00eddos (SBRC) &#8211; 2022-2023<\/li>\n<li>Semin\u00e1rio Integrado de Software e Hardware (SEMISH) &#8211; 2023<\/li>\n<li>IFIP Wireless and Mobile Networking Conference (WMNC) &#8211; 2021-2024<\/li>\n<li>International Conference on Computer Communications and Networks (ICCCN) &#8211; 2020<\/li>\n<li>Concurso de Teses e Disserta\u00e7\u00f5es (CTD\/SBRC) &#8211; 2019-2023<\/li>\n<li>Workshop de Ger\u00eancia e Opera\u00e7\u00e3o de Redes e Servi\u00e7os (WGRS) &#8211; 2017-2023<\/li>\n<li>Concurso de Trabalhos de Inicia\u00e7\u00e3o Cient\u00edfica (CTIC\/CSBC) &#8211; 2016-2017<\/li>\n<li>IEEE Consumer Communications and Networking Conference (CCNC): Mini Conference &#8211; 2016-2018<\/li>\n<li>Globecom: SAC\u00a0on\u00a0Network Functions Virtualization &amp; Software Defined Networking: <a href=\"http:\/\/globecom2015.ieee-globecom.org\/\" target=\"_blank\" rel=\"noopener noreferrer\">2015<\/a><\/li>\n<li>Escola Regional de Redes de Computadores (ERRC) &#8211; 2010-2021<\/li>\n<\/ul>\n<h2>Event Organization<\/h2>\n<ul>\n<li><a href=\"https:\/\/cloudnet2020.ieee-cloudnet.org\/\">CloudNet 2020 &#8211; 9th IEEE International Conference on Cloud Networking (Virtual Conference)<\/a><\/li>\n<li><a href=\"http:\/\/sbrc2019.sbc.org.br\">SBRC 2019 &#8211; XXXVII Brazilian Symposium on Computer Networks and Distributed Systems (Gramado\/RS, Brazil)<\/a><\/li>\n<li><a title=\"CNSM 2014\" href=\"http:\/\/www.cnsm-conf.org\/2014\/\" target=\"_blank\" rel=\"noopener noreferrer\">CNSM 2014 &#8211; 10th International Conference on Network and Service Management (Rio de Janeiro\/RJ, Brazil)<\/a><\/li>\n<li><a title=\"LatinCloud 2012\" href=\"http:\/\/www.ieee-latincloud.org\/\" target=\"_blank\" rel=\"noopener noreferrer\">LatinCloud 2012 &#8211; 1st IEEE Latin America Conference on Cloud Computing and Communications (Porto Alegre\/RS, Brazil)<\/a><\/li>\n<li><a href=\"http:\/\/sbrc2010.inf.ufrgs.br\/\" target=\"_blank\" rel=\"noopener noreferrer\">SBRC 2010 \u2013 XXVIII Brazilian Symposium on Computer Networks and Distributed Systems (Gramado\/RS, Brazil)<\/a><\/li>\n<li><a href=\"http:\/\/csbc2009.inf.ufrgs.br\/\" target=\"_blank\" rel=\"noopener noreferrer\">CSBC 2009 \u2013 XXIX Brazilian Computer Society Congress (Bento Gon\u00e7alves\/RS, Brazil)<\/a><\/li>\n<li><a href=\"http:\/\/sbseg2008.inf.ufrgs.br\/\" target=\"_blank\" rel=\"noopener noreferrer\">SBSeg 2008 \u2013 8th Brazilian Symposium on Information and Computer System Security (Gramado\/RS, Brazil)<\/a><\/li>\n<li><a href=\"http:\/\/www.laacs.net\/2008\/\" target=\"_blank\" rel=\"noopener noreferrer\">LAACS 2008 \u2013 3rd Latin American Autonomic Computing Symposium (Gramado\/RS, Brazil)<\/a><\/li>\n<\/ul>\n<p><strong>My <a href=\"http:\/\/lattes.cnpq.br\/9858319665065036\" target=\"_blank\" rel=\"noopener noreferrer\"> Lattes Curriculum<\/a> (Portuguese)\u00a0 \u00a0<\/strong><\/p>\n","protected":false},"excerpt":{"rendered":"<p>I&#8217;m currently an Associate Professor at the Department of Applied Computing at the Institute of Informatics (INF) of the Federal University of Rio Grande do Sul (UFRGS), in Brazil.\u00a0I\u2019m also a member of the\u00a0Brazilian Computer Society (SBC) and the Computer Networks Group of UFRGS.\u00a0 My current research interests include Software-Defined Networking (SDN), Network Functions Virtualization &hellip; <a href=\"https:\/\/www.inf.ufrgs.br\/~jwickboldt\/\" class=\"more-link\">Continue reading <span class=\"screen-reader-text\">Home<\/span> <span class=\"meta-nav\">&rarr;<\/span><\/a><\/p>\n","protected":false},"author":1,"featured_media":0,"parent":0,"menu_order":0,"comment_status":"open","ping_status":"open","template":"page-templates\/full-width.php","meta":{"_mi_skip_tracking":false},"_links":{"self":[{"href":"https:\/\/www.inf.ufrgs.br\/~jwickboldt\/index.php?rest_route=\/wp\/v2\/pages\/16"}],"collection":[{"href":"https:\/\/www.inf.ufrgs.br\/~jwickboldt\/index.php?rest_route=\/wp\/v2\/pages"}],"about":[{"href":"https:\/\/www.inf.ufrgs.br\/~jwickboldt\/index.php?rest_route=\/wp\/v2\/types\/page"}],"author":[{"embeddable":true,"href":"https:\/\/www.inf.ufrgs.br\/~jwickboldt\/index.php?rest_route=\/wp\/v2\/users\/1"}],"replies":[{"embeddable":true,"href":"https:\/\/www.inf.ufrgs.br\/~jwickboldt\/index.php?rest_route=%2Fwp%2Fv2%2Fcomments&post=16"}],"version-history":[{"count":85,"href":"https:\/\/www.inf.ufrgs.br\/~jwickboldt\/index.php?rest_route=\/wp\/v2\/pages\/16\/revisions"}],"predecessor-version":[{"id":649,"href":"https:\/\/www.inf.ufrgs.br\/~jwickboldt\/index.php?rest_route=\/wp\/v2\/pages\/16\/revisions\/649"}],"wp:attachment":[{"href":"https:\/\/www.inf.ufrgs.br\/~jwickboldt\/index.php?rest_route=%2Fwp%2Fv2%2Fmedia&parent=16"}],"curies":[{"name":"wp","href":"https:\/\/api.w.org\/{rel}","templated":true}]}}